{"id":37970,"date":"2024-03-15T09:59:42","date_gmt":"2024-03-15T08:59:42","guid":{"rendered":"https:\/\/spacesaver.ch\/assemblea\/"},"modified":"2024-04-23T12:39:44","modified_gmt":"2024-04-23T10:39:44","slug":"assemblea","status":"publish","type":"page","link":"https:\/\/spacesaver.ch\/it\/assemblea\/","title":{"rendered":"Assemblea"},"content":{"rendered":"<div class=\"wpb-content-wrapper\"><p>[vc_row content_placement=&#8221;middle&#8221; woodmart_css_id=&#8221;65df347bb5251&#8243; responsive_spacing=&#8221;eyJwYXJhbV90eXBlIjoid29vZG1hcnRfcmVzcG9uc2l2ZV9zcGFjaW5nIiwic2VsZWN0b3JfaWQiOiI2NWRmMzQ3YmI1MjUxIiwic2hvcnRjb2RlIjoidmNfcm93IiwiZGF0YSI6eyJ0YWJsZXQiOnt9LCJtb2JpbGUiOnt9fX0=&#8221; mobile_bg_img_hidden=&#8221;no&#8221; tablet_bg_img_hidden=&#8221;no&#8221; woodmart_parallax=&#8221;0&#8243; woodmart_gradient_switch=&#8221;no&#8221; woodmart_box_shadow=&#8221;no&#8221; wd_z_index=&#8221;no&#8221; woodmart_disable_overflow=&#8221;0&#8243; row_reverse_mobile=&#8221;0&#8243; row_reverse_tablet=&#8221;0&#8243;][vc_column width=&#8221;1\/2&#8243; vertical_alignment=&#8221;eyJkZXZpY2VzIjp7ImRlc2t0b3AiOnsidmFsdWUiOiJjZW50ZXIifSwidGFibGV0Ijp7InZhbHVlIjoiIn0sIm1vYmlsZSI6eyJ2YWx1ZSI6IiJ9fX0=&#8221; woodmart_css_id=&#8221;65d7541355a0b&#8221; parallax_scroll=&#8221;no&#8221; woodmart_sticky_column=&#8221;false&#8221; wd_collapsible_content_switcher=&#8221;no&#8221; wd_column_role_offcanvas_desktop=&#8221;no&#8221; wd_column_role_offcanvas_tablet=&#8221;no&#8221; wd_column_role_offcanvas_mobile=&#8221;no&#8221; wd_column_role_content_desktop=&#8221;no&#8221; wd_column_role_content_tablet=&#8221;no&#8221; wd_column_role_content_mobile=&#8221;no&#8221; mobile_bg_img_hidden=&#8221;no&#8221; tablet_bg_img_hidden=&#8221;no&#8221; woodmart_parallax=&#8221;0&#8243; woodmart_box_shadow=&#8221;no&#8221; responsive_spacing=&#8221;eyJwYXJhbV90eXBlIjoid29vZG1hcnRfcmVzcG9uc2l2ZV9zcGFjaW5nIiwic2VsZWN0b3JfaWQiOiI2NWQ3NTQxMzU1YTBiIiwic2hvcnRjb2RlIjoidmNfY29sdW1uIiwiZGF0YSI6eyJ0YWJsZXQiOnt9LCJtb2JpbGUiOnt9fX0=&#8221; mobile_reset_margin=&#8221;no&#8221; tablet_reset_margin=&#8221;no&#8221; wd_z_index=&#8221;no&#8221;]\n\t\t<div id=\"wd-65f40e331e4bf\" class=\"title-wrapper wd-wpb set-mb-s reset-last-child  wd-rs-65f40e331e4bf wd-title-color-default wd-title-style-simple text-left  wd-width-enabled wd-underline-colored\" style=\"--wd-max-width: 80%;\">\n\t\t\t\n\t\t\t<div class=\"liner-continer\">\n\t\t\t\t<h2 class=\"woodmart-title-container title  wd-font-weight- wd-fontsize-l\" >Assemblea<\/h2>\n\t\t\t\t\t\t\t<\/div>\n\t\t\t\n\t\t\t\t\t\t\t<div class=\"title-after_title  set-cont-mb-s reset-last-child  wd-fontsize-xs\">Hai la possibilit\u00e0 di scegliere un montaggio opzionale con il tuo ordine. Offriamo l&apos;installazione in tutta la Svizzera.<br \/>\nLa data per il montaggio avverr\u00e0 normalmente con la consegna. Professionisti professionisti consegneranno e prepareranno il tuo letto.<\/div>\n\t\t\t\n\t\t\t\n\t\t<\/div>\n\t\t\n\t\t[\/vc_column][vc_column width=&#8221;1\/2&#8243;][vc_single_image image=&#8221;37824&#8243; img_size=&#8221;large&#8221; parallax_scroll=&#8221;no&#8221; woodmart_inline=&#8221;no&#8221;][\/vc_column][\/vc_row][vc_row content_placement=&#8221;middle&#8221; css=&#8221;.vc_custom_1710494484371{margin-top: 40px !important;margin-bottom: 40px !important;padding-top: 40px !important;padding-right: 40px !important;padding-bottom: 40px !important;padding-left: 40px !important;background-color: #d8d8d8 !important;}&#8221; woodmart_css_id=&#8221;65f4130fe116c&#8221; responsive_spacing=&#8221;eyJwYXJhbV90eXBlIjoid29vZG1hcnRfcmVzcG9uc2l2ZV9zcGFjaW5nIiwic2VsZWN0b3JfaWQiOiI2NWY0MTMwZmUxMTZjIiwic2hvcnRjb2RlIjoidmNfcm93IiwiZGF0YSI6eyJ0YWJsZXQiOnt9LCJtb2JpbGUiOnt9fX0=&#8221; mobile_bg_img_hidden=&#8221;no&#8221; tablet_bg_img_hidden=&#8221;no&#8221; woodmart_parallax=&#8221;0&#8243; woodmart_gradient_switch=&#8221;no&#8221; woodmart_box_shadow=&#8221;no&#8221; wd_z_index=&#8221;no&#8221; woodmart_disable_overflow=&#8221;0&#8243; row_reverse_mobile=&#8221;0&#8243; row_reverse_tablet=&#8221;0&#8243;][vc_column width=&#8221;1\/3&#8243;][vc_single_image image=&#8221;37831&#8243; img_size=&#8221;large&#8221; parallax_scroll=&#8221;no&#8221; woodmart_inline=&#8221;no&#8221;][\/vc_column][vc_column width=&#8221;1\/3&#8243;][vc_single_image image=&#8221;37835&#8243; img_size=&#8221;large&#8221; parallax_scroll=&#8221;no&#8221; woodmart_inline=&#8221;no&#8221;][\/vc_column][vc_column width=&#8221;1\/3&#8243;][vc_column_text woodmart_inline=&#8221;no&#8221; text_larger=&#8221;no&#8221;]<span style=\"color: #000000;\">La data di montaggio avviene solitamente al momento della consegna. Professionisti qualificati consegnano e montano il tuo letto. Il tuo letto sar\u00e0 allestito in modo professionale, sicuro e pulito. Naturalmente, dopo l&#8217;installazione, la postazione di lavoro verr\u00e0 riordinata e, se lo desideri, il materiale di imballaggio verr\u00e0 smaltito, in modo che tu possa guardare il tuo nuovo SMARTBett in tutta tranquillit\u00e0 e godertelo al meglio.<\/span>[\/vc_column_text][\/vc_column][\/vc_row][vc_row content_placement=&#8221;middle&#8221; woodmart_css_id=&#8221;65f412f0b700a&#8221; responsive_spacing=&#8221;eyJwYXJhbV90eXBlIjoid29vZG1hcnRfcmVzcG9uc2l2ZV9zcGFjaW5nIiwic2VsZWN0b3JfaWQiOiI2NWY0MTJmMGI3MDBhIiwic2hvcnRjb2RlIjoidmNfcm93IiwiZGF0YSI6eyJ0YWJsZXQiOnt9LCJtb2JpbGUiOnt9fX0=&#8221; mobile_bg_img_hidden=&#8221;no&#8221; tablet_bg_img_hidden=&#8221;no&#8221; woodmart_parallax=&#8221;0&#8243; woodmart_gradient_switch=&#8221;no&#8221; woodmart_box_shadow=&#8221;no&#8221; wd_z_index=&#8221;no&#8221; woodmart_disable_overflow=&#8221;0&#8243; row_reverse_mobile=&#8221;0&#8243; row_reverse_tablet=&#8221;0&#8243; css=&#8221;.vc_custom_1710494474625{margin-top: 20px !important;margin-bottom: 40px !important;}&#8221;][vc_column width=&#8221;1\/6&#8243;][vc_single_image image=&#8221;37885&#8243; img_size=&#8221;large&#8221; parallax_scroll=&#8221;no&#8221; woodmart_inline=&#8221;no&#8221;][\/vc_column][vc_column width=&#8221;5\/6&#8243; vertical_alignment=&#8221;eyJkZXZpY2VzIjp7ImRlc2t0b3AiOnsidmFsdWUiOiJjZW50ZXIifSwidGFibGV0Ijp7InZhbHVlIjoiIn0sIm1vYmlsZSI6eyJ2YWx1ZSI6IiJ9fX0=&#8221; woodmart_css_id=&#8221;65d7541355a0b&#8221; parallax_scroll=&#8221;no&#8221; woodmart_sticky_column=&#8221;false&#8221; wd_collapsible_content_switcher=&#8221;no&#8221; wd_column_role_offcanvas_desktop=&#8221;no&#8221; wd_column_role_offcanvas_tablet=&#8221;no&#8221; wd_column_role_offcanvas_mobile=&#8221;no&#8221; wd_column_role_content_desktop=&#8221;no&#8221; wd_column_role_content_tablet=&#8221;no&#8221; wd_column_role_content_mobile=&#8221;no&#8221; mobile_bg_img_hidden=&#8221;no&#8221; tablet_bg_img_hidden=&#8221;no&#8221; woodmart_parallax=&#8221;0&#8243; woodmart_box_shadow=&#8221;no&#8221; responsive_spacing=&#8221;eyJwYXJhbV90eXBlIjoid29vZG1hcnRfcmVzcG9uc2l2ZV9zcGFjaW5nIiwic2VsZWN0b3JfaWQiOiI2NWQ3NTQxMzU1YTBiIiwic2hvcnRjb2RlIjoidmNfY29sdW1uIiwiZGF0YSI6eyJ0YWJsZXQiOnt9LCJtb2JpbGUiOnt9fX0=&#8221; mobile_reset_margin=&#8221;no&#8221; tablet_reset_margin=&#8221;no&#8221; wd_z_index=&#8221;no&#8221;]\n\t\t<div id=\"wd-65f41284e5689\" class=\"title-wrapper wd-wpb set-mb-s reset-last-child  wd-rs-65f41284e5689 wd-title-color-default wd-title-style-simple text-left  wd-width-enabled wd-underline-colored\" style=\"--wd-max-width: 80%;\">\n\t\t\t\n\t\t\t<div class=\"liner-continer\">\n\t\t\t\t<h2 class=\"woodmart-title-container title  wd-font-weight- wd-fontsize-l\" >\u00c8 VALIDO:<\/h2>\n\t\t\t\t\t\t\t<\/div>\n\t\t\t\n\t\t\t\t\t\t\t<div class=\"title-after_title  set-cont-mb-s reset-last-child  wd-fontsize-xs\">Se hai optato per il montaggio, leggi le istruzioni di seguito. Verificare tutte le condizioni necessarie per un&apos;installazione senza intoppi, in quanto non possiamo pagare eventuali costi aggiuntivi o danni dovuti a informazioni e\/o informazioni mancanti.<\/div>\n\t\t\t\n\t\t\t\n\t\t<\/div>\n\t\t\n\t\t[\/vc_column][\/vc_row][vc_row woodmart_css_id=&#8221;65f413565c01b&#8221; responsive_spacing=&#8221;eyJwYXJhbV90eXBlIjoid29vZG1hcnRfcmVzcG9uc2l2ZV9zcGFjaW5nIiwic2VsZWN0b3JfaWQiOiI2NWY0MTM1NjVjMDFiIiwic2hvcnRjb2RlIjoidmNfcm93IiwiZGF0YSI6eyJ0YWJsZXQiOnt9LCJtb2JpbGUiOnt9fX0=&#8221; mobile_bg_img_hidden=&#8221;no&#8221; tablet_bg_img_hidden=&#8221;no&#8221; woodmart_parallax=&#8221;0&#8243; woodmart_gradient_switch=&#8221;no&#8221; woodmart_box_shadow=&#8221;no&#8221; wd_z_index=&#8221;no&#8221; woodmart_disable_overflow=&#8221;0&#8243; row_reverse_mobile=&#8221;0&#8243; row_reverse_tablet=&#8221;0&#8243; css=&#8221;.vc_custom_1710494555428{margin-bottom: 20px !important;}&#8221;][vc_column width=&#8221;1\/4&#8243;][vc_single_image image=&#8221;37839&#8243; img_size=&#8221;large&#8221; parallax_scroll=&#8221;no&#8221; woodmart_inline=&#8221;no&#8221;][vc_column_text woodmart_inline=&#8221;no&#8221; text_larger=&#8221;no&#8221;]1. UN MONTAGGIO PER LETTO A SCOMPARSA.[\/vc_column_text][\/vc_column][vc_column width=&#8221;1\/4&#8243;][vc_single_image image=&#8221;37843&#8243; img_size=&#8221;large&#8221; parallax_scroll=&#8221;no&#8221; woodmart_inline=&#8221;no&#8221;][vc_column_text woodmart_inline=&#8221;no&#8221; text_larger=&#8221;no&#8221;]2. SE SI DESIDERA ASSEMBLARE PI\u00d9 LETTI, SI PREGA DI METTERE UN GRUPPO PER LETTO NEL CESTINO.[\/vc_column_text][\/vc_column][vc_column width=&#8221;1\/4&#8243;][vc_single_image image=&#8221;37847&#8243; img_size=&#8221;large&#8221; parallax_scroll=&#8221;no&#8221; woodmart_inline=&#8221;no&#8221;][vc_column_text woodmart_inline=&#8221;no&#8221; text_larger=&#8221;no&#8221;]3. DEVE ESSERCI SPAZIO SUFFICIENTE PER IL MONTAGGIO (ALMENO 20 M\u0406).[\/vc_column_text][\/vc_column][vc_column width=&#8221;1\/4&#8243;][vc_single_image image=&#8221;37851&#8243; img_size=&#8221;large&#8221; parallax_scroll=&#8221;no&#8221; woodmart_inline=&#8221;no&#8221;][vc_column_text woodmart_inline=&#8221;no&#8221; text_larger=&#8221;no&#8221;]4. LA PERDITA DEL SUOLO \u00c8 DI 175 CM, MASSIMO 2 CM (1,15%).[\/vc_column_text][\/vc_column][\/vc_row][vc_row woodmart_css_id=&#8221;65f37989dfb30&#8243; responsive_spacing=&#8221;eyJwYXJhbV90eXBlIjoid29vZG1hcnRfcmVzcG9uc2l2ZV9zcGFjaW5nIiwic2VsZWN0b3JfaWQiOiI2NWYzNzk4OWRmYjMwIiwic2hvcnRjb2RlIjoidmNfcm93IiwiZGF0YSI6eyJ0YWJsZXQiOnt9LCJtb2JpbGUiOnt9fX0=&#8221; mobile_bg_img_hidden=&#8221;no&#8221; tablet_bg_img_hidden=&#8221;no&#8221; woodmart_parallax=&#8221;0&#8243; woodmart_gradient_switch=&#8221;no&#8221; woodmart_box_shadow=&#8221;no&#8221; wd_z_index=&#8221;no&#8221; woodmart_disable_overflow=&#8221;0&#8243; row_reverse_mobile=&#8221;0&#8243; row_reverse_tablet=&#8221;0&#8243;][vc_column width=&#8221;1\/4&#8243;][vc_single_image image=&#8221;37855&#8243; img_size=&#8221;large&#8221; parallax_scroll=&#8221;no&#8221; woodmart_inline=&#8221;no&#8221;][vc_column_text woodmart_inline=&#8221;no&#8221; text_larger=&#8221;no&#8221;]5. PER LA COSTRUZIONE \u00c8 GARANTITA UN&#8217;ALTEZZA DEL SOFFITTO DI 235 CM.[\/vc_column_text][\/vc_column][vc_column width=&#8221;1\/4&#8243;][vc_single_image image=&#8221;37859&#8243; img_size=&#8221;large&#8221; parallax_scroll=&#8221;no&#8221; woodmart_inline=&#8221;no&#8221;][vc_column_text woodmart_inline=&#8221;no&#8221; text_larger=&#8221;no&#8221;]6. IL LETTO \u00c8 MONTATO SOLO SU UNA PARETE FISSA (NO PARETI LEGGERE). LO SPESSORE DELLA PARETE DEVE ESSERE DI ALMENO 10 CM.[\/vc_column_text][\/vc_column][vc_column width=&#8221;1\/4&#8243;][vc_single_image image=&#8221;37872&#8243; img_size=&#8221;large&#8221; parallax_scroll=&#8221;no&#8221; woodmart_inline=&#8221;no&#8221;][vc_column_text woodmart_inline=&#8221;no&#8221; text_larger=&#8221;no&#8221;]7. SE \u00c8 PRESENTE UN BATTISCOPA, \u00c8 NECESSARIO RIMUOVERLO PER GARANTIRE UNA CORRETTA INSTALLAZIONE DEL LETTO. VI PREGHIAMO DI INFORMARCI PRIMA DI ORDINARE IL MONTAGGIO.[\/vc_column_text][\/vc_column][vc_column width=&#8221;1\/4&#8243;][vc_single_image image=&#8221;37876&#8243; img_size=&#8221;large&#8221; parallax_scroll=&#8221;no&#8221; woodmart_inline=&#8221;no&#8221;][vc_column_text woodmart_inline=&#8221;no&#8221; text_larger=&#8221;no&#8221;]8. NON CI SONO LINEE IDRICHE ED ELETTRICHE NEL MURO O NEI PUNTI IN CUI IL LETTO DEVE ESSERE FISSATO AL MURO.[\/vc_column_text][\/vc_column][\/vc_row][vc_row css=&#8221;.vc_custom_1710494095108{margin-top: 40px !important;}&#8221; woodmart_css_id=&#8221;65f41189db997&#8243; responsive_spacing=&#8221;eyJwYXJhbV90eXBlIjoid29vZG1hcnRfcmVzcG9uc2l2ZV9zcGFjaW5nIiwic2VsZWN0b3JfaWQiOiI2NWY0MTE4OWRiOTk3Iiwic2hvcnRjb2RlIjoidmNfcm93IiwiZGF0YSI6eyJ0YWJsZXQiOnsibWFyZ2luLWJvdHRvbSI6IjQwcHgifSwibW9iaWxlIjp7Im1hcmdpbi1ib3R0b20iOiI0MHB4In19fQ==&#8221; mobile_bg_img_hidden=&#8221;no&#8221; tablet_bg_img_hidden=&#8221;no&#8221; woodmart_parallax=&#8221;0&#8243; woodmart_gradient_switch=&#8221;no&#8221; woodmart_box_shadow=&#8221;no&#8221; wd_z_index=&#8221;no&#8221; woodmart_disable_overflow=&#8221;0&#8243; row_reverse_mobile=&#8221;0&#8243; row_reverse_tablet=&#8221;0&#8243; el_class=&#8221;vc_hidden-md vc_hidden-sm vc_hidden-xs&#8221;][vc_column woodmart_css_id=&#8221;641dc807972bc&#8221; parallax_scroll=&#8221;no&#8221; woodmart_sticky_column=&#8221;false&#8221; wd_collapsible_content_switcher=&#8221;no&#8221; wd_column_role_offcanvas_desktop=&#8221;no&#8221; wd_column_role_offcanvas_tablet=&#8221;no&#8221; wd_column_role_offcanvas_mobile=&#8221;no&#8221; wd_column_role_content_desktop=&#8221;no&#8221; wd_column_role_content_tablet=&#8221;no&#8221; wd_column_role_content_mobile=&#8221;no&#8221; mobile_bg_img_hidden=&#8221;no&#8221; tablet_bg_img_hidden=&#8221;no&#8221; woodmart_parallax=&#8221;0&#8243; woodmart_box_shadow=&#8221;no&#8221; responsive_spacing=&#8221;eyJwYXJhbV90eXBlIjoid29vZG1hcnRfcmVzcG9uc2l2ZV9zcGFjaW5nIiwic2VsZWN0b3JfaWQiOiI2NDFkYzgwNzk3MmJjIiwic2hvcnRjb2RlIjoidmNfY29sdW1uIiwiZGF0YSI6eyJ0YWJsZXQiOnt9LCJtb2JpbGUiOnt9fX0=&#8221; mobile_reset_margin=&#8221;no&#8221; tablet_reset_margin=&#8221;no&#8221; wd_z_index=&#8221;no&#8221;]\t\t<div class=\"promo-banner-wrapper  wd-rs-65f412143494d \">\n\t\t\t<div id=\"wd-65f412143494d\" class=\"promo-banner  banner-content-background banner-hover-parallax color-scheme-light banner-btn-size-default banner-btn-style-link wd-width-enabled  wd-underline-colored\" style=\"--wd-max-width: 30%;\"\t\t\t\t\t\t\t>\n\t\t\t\t<div class=\"main-wrapp-img\">\n\t\t\t\t\t<div class=\"banner-image wd-bg-position-center\" >\n\t\t\t\t\t\t<img loading=\"lazy\" decoding=\"async\" width=\"1240\" height=\"667\" src=\"https:\/\/spacesaver.ch\/wp-content\/uploads\/2024\/03\/schrankbett-montage-zeit-sparen.webp?wsr\" class=\"promo-banner-image attachment-full\" alt=\"\" title=\"schrankbett-montage-zeit-sparen\" srcset=\"https:\/\/spacesaver.ch\/wp-content\/uploads\/2024\/03\/schrankbett-montage-zeit-sparen.webp 1240w, https:\/\/spacesaver.ch\/wp-content\/uploads\/2024\/03\/schrankbett-montage-zeit-sparen-300x161.webp 300w, https:\/\/spacesaver.ch\/wp-content\/uploads\/2024\/03\/schrankbett-montage-zeit-sparen-1024x551.webp 1024w, https:\/\/spacesaver.ch\/wp-content\/uploads\/2024\/03\/schrankbett-montage-zeit-sparen-768x413.webp 768w, https:\/\/spacesaver.ch\/wp-content\/uploads\/2024\/03\/schrankbett-montage-zeit-sparen-130x70.webp 130w\" sizes=\"auto, (max-width: 1240px) 100vw, 1240px\" \/>\t\t\t\t\t<\/div>\n\t\t\t\t<\/div>\n\n\t\t\t\t<div class=\"wrapper-content-banner wd-fill  wd-items-middle wd-justify-right\">\n\t\t\t\t\t<div class=\"content-banner text-center\">\n\t\t\t\t\t\t<div class=\"banner-title-wrap\">\n\t\t\t\t\t\t\t<h4 class=\"banner-title wd-font-weight- wd-fontsize-l\">PROFESSIONALE E<br \/>\nASSEMBLAGGIO PULITO<br \/>\nRISPARMIA TEMPO PER<br \/>\nRILASSAMENTO<\/h4>\t\t\t\t\t\t<\/div>\n\t\t\t\t\t\t\n\t\t\t\t\t\t\n\t\t\t\t\t\t\t\t\t\t\t<\/div>\n\t\t\t\t<\/div>\n\t\t\t\t\t\t\t<\/div>\n\t\t<\/div>\n\n\t\t[\/vc_column][\/vc_row]<\/p>\n<\/div>","protected":false},"excerpt":{"rendered":"<p>[vc_row content_placement=&#8221;middle&#8221; woodmart_css_id=&#8221;65df347bb5251&#8243; responsive_spacing=&#8221;eyJwYXJhbV90eXBlIjoid29vZG1hcnRfcmVzcG9uc2l2ZV9zcGFjaW5nIiwic2VsZWN0b3JfaWQiOiI2NWRmMzQ3YmI1MjUxIiwic2hvcnRjb2RlIjoidmNfcm93IiwiZGF0YSI6eyJ0YWJsZXQiOnt9LCJtb2JpbGUiOnt9fX0=&#8221; mobile_bg_img_hidden=&#8221;no&#8221; tablet_bg_img_hidden=&#8221;no&#8221; woodmart_parallax=&#8221;0&#8243; woodmart_gradient_switch=&#8221;no&#8221; woodmart_box_shadow=&#8221;no&#8221; wd_z_index=&#8221;no&#8221; woodmart_disable_overflow=&#8221;0&#8243; row_reverse_mobile=&#8221;0&#8243; row_reverse_tablet=&#8221;0&#8243;][vc_column width=&#8221;1\/2&#8243; vertical_alignment=&#8221;eyJkZXZpY2VzIjp7ImRlc2t0b3AiOnsidmFsdWUiOiJjZW50ZXIifSwidGFibGV0Ijp7InZhbHVlIjoiIn0sIm1vYmlsZSI6eyJ2YWx1ZSI6IiJ9fX0=&#8221; woodmart_css_id=&#8221;65d7541355a0b&#8221; parallax_scroll=&#8221;no&#8221; woodmart_sticky_column=&#8221;false&#8221; wd_collapsible_content_switcher=&#8221;no&#8221; wd_column_role_offcanvas_desktop=&#8221;no&#8221;<\/p>\n","protected":false},"author":90,"featured_media":0,"parent":0,"menu_order":0,"comment_status":"closed","ping_status":"closed","template":"","meta":{"_acf_changed":false,"footnotes":""},"class_list":["post-37970","page","type-page","status-publish","hentry"],"acf":[],"yoast_head":"<!-- This site is optimized with the Yoast SEO plugin v26.4 - https:\/\/yoast.com\/wordpress\/plugins\/seo\/ -->\n<title>Assemblea | Spacesaver<\/title>\n<meta name=\"robots\" content=\"index, follow, max-snippet:-1, max-image-preview:large, max-video-preview:-1\" \/>\n<link rel=\"canonical\" href=\"https:\/\/spacesaver.ch\/it\/assemblea\/\" \/>\n<meta property=\"og:locale\" content=\"it_IT\" \/>\n<meta property=\"og:type\" content=\"article\" \/>\n<meta property=\"og:title\" content=\"Assemblea | Spacesaver\" \/>\n<meta property=\"og:description\" content=\"[vc_row content_placement=&#8221;middle&#8221; woodmart_css_id=&#8221;65df347bb5251&#8243; responsive_spacing=&#8221;eyJwYXJhbV90eXBlIjoid29vZG1hcnRfcmVzcG9uc2l2ZV9zcGFjaW5nIiwic2VsZWN0b3JfaWQiOiI2NWRmMzQ3YmI1MjUxIiwic2hvcnRjb2RlIjoidmNfcm93IiwiZGF0YSI6eyJ0YWJsZXQiOnt9LCJtb2JpbGUiOnt9fX0=&#8221; mobile_bg_img_hidden=&#8221;no&#8221; tablet_bg_img_hidden=&#8221;no&#8221; woodmart_parallax=&#8221;0&#8243; woodmart_gradient_switch=&#8221;no&#8221; woodmart_box_shadow=&#8221;no&#8221; wd_z_index=&#8221;no&#8221; woodmart_disable_overflow=&#8221;0&#8243; row_reverse_mobile=&#8221;0&#8243; row_reverse_tablet=&#8221;0&#8243;][vc_column width=&#8221;1\/2&#8243; vertical_alignment=&#8221;eyJkZXZpY2VzIjp7ImRlc2t0b3AiOnsidmFsdWUiOiJjZW50ZXIifSwidGFibGV0Ijp7InZhbHVlIjoiIn0sIm1vYmlsZSI6eyJ2YWx1ZSI6IiJ9fX0=&#8221; woodmart_css_id=&#8221;65d7541355a0b&#8221; parallax_scroll=&#8221;no&#8221; woodmart_sticky_column=&#8221;false&#8221; wd_collapsible_content_switcher=&#8221;no&#8221; wd_column_role_offcanvas_desktop=&#8221;no&#8221;\" \/>\n<meta property=\"og:url\" content=\"https:\/\/spacesaver.ch\/it\/assemblea\/\" \/>\n<meta property=\"og:site_name\" content=\"Spacesaver\" \/>\n<meta property=\"article:modified_time\" content=\"2024-04-23T10:39:44+00:00\" \/>\n<meta name=\"twitter:card\" content=\"summary_large_image\" \/>\n<meta name=\"twitter:label1\" content=\"Tempo di lettura stimato\" \/>\n\t<meta name=\"twitter:data1\" content=\"9 minuti\" \/>\n<script type=\"application\/ld+json\" class=\"yoast-schema-graph\">{\"@context\":\"https:\/\/schema.org\",\"@graph\":[{\"@type\":\"WebPage\",\"@id\":\"https:\/\/spacesaver.ch\/it\/assemblea\/\",\"url\":\"https:\/\/spacesaver.ch\/it\/assemblea\/\",\"name\":\"Assemblea | Spacesaver\",\"isPartOf\":{\"@id\":\"https:\/\/spacesaver.ch\/it\/#website\"},\"datePublished\":\"2024-03-15T08:59:42+00:00\",\"dateModified\":\"2024-04-23T10:39:44+00:00\",\"breadcrumb\":{\"@id\":\"https:\/\/spacesaver.ch\/it\/assemblea\/#breadcrumb\"},\"inLanguage\":\"it-IT\",\"potentialAction\":[{\"@type\":\"ReadAction\",\"target\":[\"https:\/\/spacesaver.ch\/it\/assemblea\/\"]}]},{\"@type\":\"BreadcrumbList\",\"@id\":\"https:\/\/spacesaver.ch\/it\/assemblea\/#breadcrumb\",\"itemListElement\":[{\"@type\":\"ListItem\",\"position\":1,\"name\":\"Home\",\"item\":\"https:\/\/spacesaver.ch\/it\/\"},{\"@type\":\"ListItem\",\"position\":2,\"name\":\"Assemblea\"}]},{\"@type\":\"WebSite\",\"@id\":\"https:\/\/spacesaver.ch\/it\/#website\",\"url\":\"https:\/\/spacesaver.ch\/it\/\",\"name\":\"Spacesaver\",\"description\":\"\",\"publisher\":{\"@id\":\"https:\/\/spacesaver.ch\/it\/#organization\"},\"potentialAction\":[{\"@type\":\"SearchAction\",\"target\":{\"@type\":\"EntryPoint\",\"urlTemplate\":\"https:\/\/spacesaver.ch\/it\/?s={search_term_string}\"},\"query-input\":{\"@type\":\"PropertyValueSpecification\",\"valueRequired\":true,\"valueName\":\"search_term_string\"}}],\"inLanguage\":\"it-IT\"},{\"@type\":\"Organization\",\"@id\":\"https:\/\/spacesaver.ch\/it\/#organization\",\"name\":\"Spacesaver | Schrankbetten\",\"url\":\"https:\/\/spacesaver.ch\/it\/\",\"logo\":{\"@type\":\"ImageObject\",\"inLanguage\":\"it-IT\",\"@id\":\"https:\/\/spacesaver.ch\/it\/#\/schema\/logo\/image\/\",\"url\":\"https:\/\/spacesaver.ch\/wp-content\/uploads\/2020\/03\/cropped-logo_space.png\",\"contentUrl\":\"https:\/\/spacesaver.ch\/wp-content\/uploads\/2020\/03\/cropped-logo_space.png\",\"width\":500,\"height\":281,\"caption\":\"Spacesaver | Schrankbetten\"},\"image\":{\"@id\":\"https:\/\/spacesaver.ch\/it\/#\/schema\/logo\/image\/\"}}]}<\/script>\n<!-- \/ Yoast SEO plugin. -->","yoast_head_json":{"title":"Assemblea | Spacesaver","robots":{"index":"index","follow":"follow","max-snippet":"max-snippet:-1","max-image-preview":"max-image-preview:large","max-video-preview":"max-video-preview:-1"},"canonical":"https:\/\/spacesaver.ch\/it\/assemblea\/","og_locale":"it_IT","og_type":"article","og_title":"Assemblea | Spacesaver","og_description":"[vc_row content_placement=&#8221;middle&#8221; woodmart_css_id=&#8221;65df347bb5251&#8243; responsive_spacing=&#8221;eyJwYXJhbV90eXBlIjoid29vZG1hcnRfcmVzcG9uc2l2ZV9zcGFjaW5nIiwic2VsZWN0b3JfaWQiOiI2NWRmMzQ3YmI1MjUxIiwic2hvcnRjb2RlIjoidmNfcm93IiwiZGF0YSI6eyJ0YWJsZXQiOnt9LCJtb2JpbGUiOnt9fX0=&#8221; mobile_bg_img_hidden=&#8221;no&#8221; tablet_bg_img_hidden=&#8221;no&#8221; woodmart_parallax=&#8221;0&#8243; woodmart_gradient_switch=&#8221;no&#8221; woodmart_box_shadow=&#8221;no&#8221; wd_z_index=&#8221;no&#8221; woodmart_disable_overflow=&#8221;0&#8243; row_reverse_mobile=&#8221;0&#8243; row_reverse_tablet=&#8221;0&#8243;][vc_column width=&#8221;1\/2&#8243; vertical_alignment=&#8221;eyJkZXZpY2VzIjp7ImRlc2t0b3AiOnsidmFsdWUiOiJjZW50ZXIifSwidGFibGV0Ijp7InZhbHVlIjoiIn0sIm1vYmlsZSI6eyJ2YWx1ZSI6IiJ9fX0=&#8221; woodmart_css_id=&#8221;65d7541355a0b&#8221; parallax_scroll=&#8221;no&#8221; woodmart_sticky_column=&#8221;false&#8221; wd_collapsible_content_switcher=&#8221;no&#8221; wd_column_role_offcanvas_desktop=&#8221;no&#8221;","og_url":"https:\/\/spacesaver.ch\/it\/assemblea\/","og_site_name":"Spacesaver","article_modified_time":"2024-04-23T10:39:44+00:00","twitter_card":"summary_large_image","twitter_misc":{"Tempo di lettura stimato":"9 minuti"},"schema":{"@context":"https:\/\/schema.org","@graph":[{"@type":"WebPage","@id":"https:\/\/spacesaver.ch\/it\/assemblea\/","url":"https:\/\/spacesaver.ch\/it\/assemblea\/","name":"Assemblea | Spacesaver","isPartOf":{"@id":"https:\/\/spacesaver.ch\/it\/#website"},"datePublished":"2024-03-15T08:59:42+00:00","dateModified":"2024-04-23T10:39:44+00:00","breadcrumb":{"@id":"https:\/\/spacesaver.ch\/it\/assemblea\/#breadcrumb"},"inLanguage":"it-IT","potentialAction":[{"@type":"ReadAction","target":["https:\/\/spacesaver.ch\/it\/assemblea\/"]}]},{"@type":"BreadcrumbList","@id":"https:\/\/spacesaver.ch\/it\/assemblea\/#breadcrumb","itemListElement":[{"@type":"ListItem","position":1,"name":"Home","item":"https:\/\/spacesaver.ch\/it\/"},{"@type":"ListItem","position":2,"name":"Assemblea"}]},{"@type":"WebSite","@id":"https:\/\/spacesaver.ch\/it\/#website","url":"https:\/\/spacesaver.ch\/it\/","name":"Spacesaver","description":"","publisher":{"@id":"https:\/\/spacesaver.ch\/it\/#organization"},"potentialAction":[{"@type":"SearchAction","target":{"@type":"EntryPoint","urlTemplate":"https:\/\/spacesaver.ch\/it\/?s={search_term_string}"},"query-input":{"@type":"PropertyValueSpecification","valueRequired":true,"valueName":"search_term_string"}}],"inLanguage":"it-IT"},{"@type":"Organization","@id":"https:\/\/spacesaver.ch\/it\/#organization","name":"Spacesaver | Schrankbetten","url":"https:\/\/spacesaver.ch\/it\/","logo":{"@type":"ImageObject","inLanguage":"it-IT","@id":"https:\/\/spacesaver.ch\/it\/#\/schema\/logo\/image\/","url":"https:\/\/spacesaver.ch\/wp-content\/uploads\/2020\/03\/cropped-logo_space.png","contentUrl":"https:\/\/spacesaver.ch\/wp-content\/uploads\/2020\/03\/cropped-logo_space.png","width":500,"height":281,"caption":"Spacesaver | Schrankbetten"},"image":{"@id":"https:\/\/spacesaver.ch\/it\/#\/schema\/logo\/image\/"}}]}},"jetpack_sharing_enabled":true,"_links":{"self":[{"href":"https:\/\/spacesaver.ch\/it\/wp-json\/wp\/v2\/pages\/37970","targetHints":{"allow":["GET"]}}],"collection":[{"href":"https:\/\/spacesaver.ch\/it\/wp-json\/wp\/v2\/pages"}],"about":[{"href":"https:\/\/spacesaver.ch\/it\/wp-json\/wp\/v2\/types\/page"}],"author":[{"embeddable":true,"href":"https:\/\/spacesaver.ch\/it\/wp-json\/wp\/v2\/users\/90"}],"replies":[{"embeddable":true,"href":"https:\/\/spacesaver.ch\/it\/wp-json\/wp\/v2\/comments?post=37970"}],"version-history":[{"count":11,"href":"https:\/\/spacesaver.ch\/it\/wp-json\/wp\/v2\/pages\/37970\/revisions"}],"predecessor-version":[{"id":38023,"href":"https:\/\/spacesaver.ch\/it\/wp-json\/wp\/v2\/pages\/37970\/revisions\/38023"}],"wp:attachment":[{"href":"https:\/\/spacesaver.ch\/it\/wp-json\/wp\/v2\/media?parent=37970"}],"curies":[{"name":"wp","href":"https:\/\/api.w.org\/{rel}","templated":true}]}}