{"id":32609,"date":"2020-03-23T20:07:57","date_gmt":"2020-03-23T19:07:57","guid":{"rendered":"https:\/\/spacesaver.ch\/domande-frequenti\/"},"modified":"2024-02-01T14:37:34","modified_gmt":"2024-02-01T13:37:34","slug":"domande-frequenti","status":"publish","type":"page","link":"https:\/\/spacesaver.ch\/it\/domande-frequenti\/","title":{"rendered":"Domande frequenti"},"content":{"rendered":"<div class=\"wpb-content-wrapper\"><p>[vc_row][vc_column][vc_tta_accordion][vc_tta_section title=&#8221;Quali sono le differenze tra i modelli Standard e Basic?&#8221; tab_id=&#8221;1593173253334-3b449d95-342d&#8221;][vc_column_text text_larger=&#8221;no&#8221;]Il modello Basic ha il manico corto e i piedini allungabili. Il modello Standard ha uno o due manici lunghi (verticale\/orizzontale) e piedini pieghevoli. Le differenze esatte tra i modelli Basic e Standard sono disponibili all&#8217;indirizzo:<\/p>\n<p><a href=\"https:\/\/spacesaver.ch\/it\/perche-smartbett\/\">https:\/\/spacesaver.ch\/warum-smartbett\/<\/a>[\/vc_column_text][\/vc_tta_section][vc_tta_section title=&#8221;Quali sono i tempi di consegna?&#8221; tab_id=&#8221;1593173253364-25fa1c21-9f51&#8243;][vc_column_text text_larger=&#8221;no&#8221;]Il tempo di consegna al nostro magazzino \u00e8 di 30 giorni lavorativi. Se acquisti da noi un letto Murphy con montaggio, avrai altri 7 giorni lavorativi.[\/vc_column_text][\/vc_tta_section][vc_tta_section title=&#8221;Qual \u00e8 il processo di ordinazione?&#8221; tab_id=&#8221;1593178211237-0bc3218e-a2af&#8221;][vc_column_text text_larger=&#8221;no&#8221;]Puoi ordinare il letto da noi tramite negozio online, per posta o per telefono. Quando effettui un ordine, ti invieremo la conferma dell&#8217;ordine con le nostre condizioni di consegna e pagamento incl. Polizza di versamento. Non appena avremo ricevuto il pagamento, te lo confermeremo. Ti contatteremo per la data di consegna e un&#8217;eventuale data di installazione.[\/vc_column_text][\/vc_tta_section][vc_tta_section title=&#8221;Consegna, montaggio&#8221; tab_id=&#8221;1593178328776-30bdd422-42f5&#8243;][vc_column_text text_larger=&#8221;no&#8221;]La consegna non viene effettuata solo nella casa\/appartamento, ma nella stanza desiderata. Offriamo l&#8217;installazione in tutta la Svizzera.<\/p>\n<p>Il prezzo di CHF 600.00 per il montaggio \u00e8 spiegato come segue: sono necessarie 5 ore per il montaggio con 2 montatori, ovvero un totale di 10 ore di lavoro. Il prezzo del montaggio include anche 8 viti per fissare il letto a una parete solida. Naturalmente, lasciamo il posto di lavoro pulito e ordinato e, se lo si desidera, anche il materiale di imballaggio pu\u00f2 essere smaltito. Quindi dopo 5 ore puoi gi\u00e0 utilizzare il nuovo letto intelligente e, si spera, godertelo al massimo.[\/vc_column_text][\/vc_tta_section][vc_tta_section title=&#8221;Come faccio a regolare la parte anteriore se sporge dal corpo o se lo spazio non \u00e8 corretto?&#8221; tab_id=&#8221;1593178376173-8d796625-f9e9&#8243;][vc_column_text text_larger=&#8221;no&#8221;]La regolazione della parte anteriore avviene ai meccanismi. Se vuoi che la parte anteriore sia pi\u00f9 alta o pi\u00f9 bassa, regolalo tramite le 3 viti sui &#8220;bracci&#8221; del meccanismo. Se la parte anteriore \u00e8 troppo lontana o troppo profonda nel corpo, \u00e8 possibile regolarla sulla staffa del meccanismo sul corpo.[\/vc_column_text][\/vc_tta_section][vc_tta_section title=&#8221;Perch\u00e9 ho bisogno di un&apos;altezza del soffitto di almeno 235 cm per costruire un letto a parete verticale con un&apos;altezza di 221 cm?&#8221; tab_id=&#8221;1593178410086-22fabd4b-0283&#8243;][vc_column_text text_larger=&#8221;no&#8221;]Poich\u00e9 il letto \u00e8 in posizione sdraiata, ha bisogno di una coperta pi\u00f9 alta quando viene sollevato a causa dell&#8217;angolazione. Una configurazione in piedi \u00e8 un po&#8217; pi\u00f9 difficile. Le viti di bloccaggio si trovano anche sulla piastra superiore del letto e hai bisogno di spazio per avvitarle.[\/vc_column_text][\/vc_tta_section][vc_tta_section title=&#8221;Fissaggio a una parete leggera&#8221; tab_id=&#8221;1593178445800-0d33a5a2-14dc&#8221;][vc_column_text text_larger=&#8221;no&#8221;]Il venditore sconsiglia espressamente di fissare il letto a muro a pareti intonacate o leggere, altrimenti non si assume alcuna responsabilit\u00e0.<\/p>\n<p>L&#8217;acquirente \u00e8 responsabile di chiarire in anticipo questa condizione. Su richiesta del cliente, gli installatori di Spacesaver GmbH fissano anche il letto a una parete leggera al meglio delle loro conoscenze e convinzioni. Firmando un modulo separato, l&#8217;acquirente conferma di essere consapevole di tutti i rischi associati al fissaggio a una parete leggera. In caso di danni, dovr\u00e0 risarcire il venditore legalmente e finanziariamente.[\/vc_column_text][\/vc_tta_section][vc_tta_section title=&#8221;Lamentele&#8221; tab_id=&#8221;1593178480122-5a1abc5b-fdce&#8221;][vc_column_text text_larger=&#8221;no&#8221;]Come posso presentare un reclamo per le parti mancanti?<\/p>\n<p>Per le parti mancanti, vi preghiamo di inviarci un&#8217;e-mail con il vostro ordine e il numero cliente. Vi preghiamo di farci sapere il nome e la quantit\u00e0 di parti mancanti. Le denominazioni sono riportate nelle istruzioni di montaggio.[\/vc_column_text][\/vc_tta_section][vc_tta_section title=&#8221;Come posso presentare un reclamo per le parti danneggiate?&#8221; tab_id=&#8221;1593178509206-12b7e8eb-6da9&#8243;][vc_column_text text_larger=&#8221;no&#8221;]Per le parti danneggiate, vi preghiamo di inviarci un&#8217;e-mail con il vostro ordine e il numero cliente. Si prega di elencare le parti danneggiate con la designazione secondo le istruzioni di montaggio. Importante: per un reclamo di parti danneggiate, sono necessarie foto delle stesse.[\/vc_column_text][\/vc_tta_section][vc_tta_section title=&#8221;Quanto tempo ci vorr\u00e0 per riavere le mie parti mancanti o danneggiate?&#8221; tab_id=&#8221;1593178543050-0fe0d8f3-e2c7&#8243;][vc_column_text text_larger=&#8221;no&#8221;]Di solito siamo in grado di consegnare piccole parti entro pochi giorni. Tuttavia, ci sono parti che non sempre abbiamo in magazzino e dobbiamo riordinare dai nostri produttori. Quindi potrebbero essere necessarie circa 2-4 settimane. Naturalmente, cerchiamo sempre di trovare una soluzione il pi\u00f9 rapidamente possibile per consegnare le parti mancanti\/danneggiate il pi\u00f9 rapidamente possibile.[\/vc_column_text][\/vc_tta_section][\/vc_tta_accordion][\/vc_column][\/vc_row]<\/p>\n<\/div>","protected":false},"excerpt":{"rendered":"<p>[vc_row][vc_column][vc_tta_accordion][vc_tta_section title=&#8221;Quali sono le differenze tra i modelli Standard e Basic?&#8221; tab_id=&#8221;1593173253334-3b449d95-342d&#8221;][vc_column_text text_larger=&#8221;no&#8221;]Il modello Basic ha il manico corto e<\/p>\n","protected":false},"author":90,"featured_media":0,"parent":0,"menu_order":0,"comment_status":"closed","ping_status":"closed","template":"","meta":{"_acf_changed":false,"footnotes":""},"class_list":["post-32609","page","type-page","status-publish","hentry"],"acf":[],"yoast_head":"<!-- This site is optimized with the Yoast SEO plugin v26.4 - https:\/\/yoast.com\/wordpress\/plugins\/seo\/ -->\n<title>Domande frequenti | Spacesaver<\/title>\n<meta name=\"robots\" content=\"index, follow, max-snippet:-1, max-image-preview:large, max-video-preview:-1\" \/>\n<link rel=\"canonical\" href=\"https:\/\/spacesaver.ch\/it\/domande-frequenti\/\" \/>\n<meta property=\"og:locale\" content=\"it_IT\" \/>\n<meta property=\"og:type\" content=\"article\" \/>\n<meta property=\"og:title\" content=\"Domande frequenti | Spacesaver\" \/>\n<meta property=\"og:description\" content=\"[vc_row][vc_column][vc_tta_accordion][vc_tta_section title=&#8221;Quali sono le differenze tra i modelli Standard e Basic?&#8221; tab_id=&#8221;1593173253334-3b449d95-342d&#8221;][vc_column_text text_larger=&#8221;no&#8221;]Il modello Basic ha il manico corto e\" \/>\n<meta property=\"og:url\" content=\"https:\/\/spacesaver.ch\/it\/domande-frequenti\/\" \/>\n<meta property=\"og:site_name\" content=\"Spacesaver\" \/>\n<meta property=\"article:modified_time\" content=\"2024-02-01T13:37:34+00:00\" \/>\n<meta name=\"twitter:card\" content=\"summary_large_image\" \/>\n<meta name=\"twitter:label1\" content=\"Tempo di lettura stimato\" \/>\n\t<meta name=\"twitter:data1\" content=\"4 minuti\" \/>\n<script type=\"application\/ld+json\" class=\"yoast-schema-graph\">{\"@context\":\"https:\/\/schema.org\",\"@graph\":[{\"@type\":\"WebPage\",\"@id\":\"https:\/\/spacesaver.ch\/it\/domande-frequenti\/\",\"url\":\"https:\/\/spacesaver.ch\/it\/domande-frequenti\/\",\"name\":\"Domande frequenti | Spacesaver\",\"isPartOf\":{\"@id\":\"https:\/\/spacesaver.ch\/it\/#website\"},\"datePublished\":\"2020-03-23T19:07:57+00:00\",\"dateModified\":\"2024-02-01T13:37:34+00:00\",\"breadcrumb\":{\"@id\":\"https:\/\/spacesaver.ch\/it\/domande-frequenti\/#breadcrumb\"},\"inLanguage\":\"it-IT\",\"potentialAction\":[{\"@type\":\"ReadAction\",\"target\":[\"https:\/\/spacesaver.ch\/it\/domande-frequenti\/\"]}]},{\"@type\":\"BreadcrumbList\",\"@id\":\"https:\/\/spacesaver.ch\/it\/domande-frequenti\/#breadcrumb\",\"itemListElement\":[{\"@type\":\"ListItem\",\"position\":1,\"name\":\"Home\",\"item\":\"https:\/\/spacesaver.ch\/it\/\"},{\"@type\":\"ListItem\",\"position\":2,\"name\":\"Domande frequenti\"}]},{\"@type\":\"WebSite\",\"@id\":\"https:\/\/spacesaver.ch\/it\/#website\",\"url\":\"https:\/\/spacesaver.ch\/it\/\",\"name\":\"Spacesaver\",\"description\":\"\",\"publisher\":{\"@id\":\"https:\/\/spacesaver.ch\/it\/#organization\"},\"potentialAction\":[{\"@type\":\"SearchAction\",\"target\":{\"@type\":\"EntryPoint\",\"urlTemplate\":\"https:\/\/spacesaver.ch\/it\/?s={search_term_string}\"},\"query-input\":{\"@type\":\"PropertyValueSpecification\",\"valueRequired\":true,\"valueName\":\"search_term_string\"}}],\"inLanguage\":\"it-IT\"},{\"@type\":\"Organization\",\"@id\":\"https:\/\/spacesaver.ch\/it\/#organization\",\"name\":\"Spacesaver | Schrankbetten\",\"url\":\"https:\/\/spacesaver.ch\/it\/\",\"logo\":{\"@type\":\"ImageObject\",\"inLanguage\":\"it-IT\",\"@id\":\"https:\/\/spacesaver.ch\/it\/#\/schema\/logo\/image\/\",\"url\":\"https:\/\/spacesaver.ch\/wp-content\/uploads\/2020\/03\/cropped-logo_space.png\",\"contentUrl\":\"https:\/\/spacesaver.ch\/wp-content\/uploads\/2020\/03\/cropped-logo_space.png\",\"width\":500,\"height\":281,\"caption\":\"Spacesaver | Schrankbetten\"},\"image\":{\"@id\":\"https:\/\/spacesaver.ch\/it\/#\/schema\/logo\/image\/\"}}]}<\/script>\n<!-- \/ Yoast SEO plugin. -->","yoast_head_json":{"title":"Domande frequenti | Spacesaver","robots":{"index":"index","follow":"follow","max-snippet":"max-snippet:-1","max-image-preview":"max-image-preview:large","max-video-preview":"max-video-preview:-1"},"canonical":"https:\/\/spacesaver.ch\/it\/domande-frequenti\/","og_locale":"it_IT","og_type":"article","og_title":"Domande frequenti | Spacesaver","og_description":"[vc_row][vc_column][vc_tta_accordion][vc_tta_section title=&#8221;Quali sono le differenze tra i modelli Standard e Basic?&#8221; tab_id=&#8221;1593173253334-3b449d95-342d&#8221;][vc_column_text text_larger=&#8221;no&#8221;]Il modello Basic ha il manico corto e","og_url":"https:\/\/spacesaver.ch\/it\/domande-frequenti\/","og_site_name":"Spacesaver","article_modified_time":"2024-02-01T13:37:34+00:00","twitter_card":"summary_large_image","twitter_misc":{"Tempo di lettura stimato":"4 minuti"},"schema":{"@context":"https:\/\/schema.org","@graph":[{"@type":"WebPage","@id":"https:\/\/spacesaver.ch\/it\/domande-frequenti\/","url":"https:\/\/spacesaver.ch\/it\/domande-frequenti\/","name":"Domande frequenti | Spacesaver","isPartOf":{"@id":"https:\/\/spacesaver.ch\/it\/#website"},"datePublished":"2020-03-23T19:07:57+00:00","dateModified":"2024-02-01T13:37:34+00:00","breadcrumb":{"@id":"https:\/\/spacesaver.ch\/it\/domande-frequenti\/#breadcrumb"},"inLanguage":"it-IT","potentialAction":[{"@type":"ReadAction","target":["https:\/\/spacesaver.ch\/it\/domande-frequenti\/"]}]},{"@type":"BreadcrumbList","@id":"https:\/\/spacesaver.ch\/it\/domande-frequenti\/#breadcrumb","itemListElement":[{"@type":"ListItem","position":1,"name":"Home","item":"https:\/\/spacesaver.ch\/it\/"},{"@type":"ListItem","position":2,"name":"Domande frequenti"}]},{"@type":"WebSite","@id":"https:\/\/spacesaver.ch\/it\/#website","url":"https:\/\/spacesaver.ch\/it\/","name":"Spacesaver","description":"","publisher":{"@id":"https:\/\/spacesaver.ch\/it\/#organization"},"potentialAction":[{"@type":"SearchAction","target":{"@type":"EntryPoint","urlTemplate":"https:\/\/spacesaver.ch\/it\/?s={search_term_string}"},"query-input":{"@type":"PropertyValueSpecification","valueRequired":true,"valueName":"search_term_string"}}],"inLanguage":"it-IT"},{"@type":"Organization","@id":"https:\/\/spacesaver.ch\/it\/#organization","name":"Spacesaver | Schrankbetten","url":"https:\/\/spacesaver.ch\/it\/","logo":{"@type":"ImageObject","inLanguage":"it-IT","@id":"https:\/\/spacesaver.ch\/it\/#\/schema\/logo\/image\/","url":"https:\/\/spacesaver.ch\/wp-content\/uploads\/2020\/03\/cropped-logo_space.png","contentUrl":"https:\/\/spacesaver.ch\/wp-content\/uploads\/2020\/03\/cropped-logo_space.png","width":500,"height":281,"caption":"Spacesaver | Schrankbetten"},"image":{"@id":"https:\/\/spacesaver.ch\/it\/#\/schema\/logo\/image\/"}}]}},"jetpack_sharing_enabled":true,"_links":{"self":[{"href":"https:\/\/spacesaver.ch\/it\/wp-json\/wp\/v2\/pages\/32609","targetHints":{"allow":["GET"]}}],"collection":[{"href":"https:\/\/spacesaver.ch\/it\/wp-json\/wp\/v2\/pages"}],"about":[{"href":"https:\/\/spacesaver.ch\/it\/wp-json\/wp\/v2\/types\/page"}],"author":[{"embeddable":true,"href":"https:\/\/spacesaver.ch\/it\/wp-json\/wp\/v2\/users\/90"}],"replies":[{"embeddable":true,"href":"https:\/\/spacesaver.ch\/it\/wp-json\/wp\/v2\/comments?post=32609"}],"version-history":[{"count":1,"href":"https:\/\/spacesaver.ch\/it\/wp-json\/wp\/v2\/pages\/32609\/revisions"}],"predecessor-version":[{"id":32612,"href":"https:\/\/spacesaver.ch\/it\/wp-json\/wp\/v2\/pages\/32609\/revisions\/32612"}],"wp:attachment":[{"href":"https:\/\/spacesaver.ch\/it\/wp-json\/wp\/v2\/media?parent=32609"}],"curies":[{"name":"wp","href":"https:\/\/api.w.org\/{rel}","templated":true}]}}