{"id":32321,"date":"2020-03-23T20:04:12","date_gmt":"2020-03-23T19:04:12","guid":{"rendered":"https:\/\/spacesaver.ch\/perche-noi\/"},"modified":"2024-02-01T14:36:43","modified_gmt":"2024-02-01T13:36:43","slug":"perche-noi","status":"publish","type":"page","link":"https:\/\/spacesaver.ch\/it\/perche-noi\/","title":{"rendered":"Perch\u00e9 noi"},"content":{"rendered":"<div class=\"wpb-content-wrapper\"><p>[vc_row content_placement=&#8221;middle&#8221; css=&#8221;.vc_custom_1686822393853{padding-top: 15vh !important;}&#8221; mobile_bg_img_hidden=&#8221;no&#8221; tablet_bg_img_hidden=&#8221;no&#8221; woodmart_parallax=&#8221;0&#8243; woodmart_gradient_switch=&#8221;no&#8221; row_reverse_mobile=&#8221;0&#8243; row_reverse_tablet=&#8221;0&#8243; woodmart_disable_overflow=&#8221;0&#8243; woodmart_css_id=&#8221;648addee14969&#8243; responsive_spacing=&#8221;eyJwYXJhbV90eXBlIjoid29vZG1hcnRfcmVzcG9uc2l2ZV9zcGFjaW5nIiwic2VsZWN0b3JfaWQiOiI2NDhhZGRlZTE0OTY5Iiwic2hvcnRjb2RlIjoidmNfcm93IiwiZGF0YSI6eyJ0YWJsZXQiOnt9LCJtb2JpbGUiOnt9fX0=&#8221; woodmart_box_shadow=&#8221;no&#8221; wd_z_index=&#8221;no&#8221;][vc_column width=&#8221;1\/2&#8243;]\n\t\t<div id=\"wd-5f3d533c58567\" class=\"title-wrapper wd-wpb set-mb-s reset-last-child  wd-rs-5f3d533c58567 wd-title-color-white wd-title-style-default text-left  wd-width-enabled wd-underline-colored\" style=\"--wd-max-width: 90%;\">\n\t\t\t\n\t\t\t<div class=\"liner-continer\">\n\t\t\t\t<h1 class=\"woodmart-title-container title  wd-font-weight-700 wd-fontsize-xxl\" >VUOI AVERE PI\u00d9 SPAZIO IN CASA SENZA RINUNCIARE AL BUON DESIGN?<\/h1>\n\t\t\t\t\t\t\t<\/div>\n\t\t\t\n\t\t\t\n\t\t\t\n\t\t<\/div>\n\t\t\n\t\t[vc_column_text woodmart_color_scheme=&#8221;light&#8221; text_larger=&#8221;no&#8221; css=&#8221;.vc_custom_1594377516515{padding-right: 10% !important;}&#8221;]<\/p>\n<div style=\"color: #2d2a2a;\">\n<p><em><strong>Questo \u00e8 esattamente ci\u00f2 che ti offriamo.  <\/strong><\/em>Nel nostro negozio online vendiamo letti intelligenti che possono essere facilmente aperti e chiusi. I nostri letti sono adatti per l&#8217;uso quotidiano, ma possono essere utilizzati anche come letto per gli ospiti. Questo d\u00e0 alla tua casa pi\u00f9 spazio, pi\u00f9 comfort e pi\u00f9 design.<\/div>\n<p>[\/vc_column_text][\/vc_column][vc_column width=&#8221;1\/2&#8243;][vc_single_image image=&#8221;4955&#8243; img_size=&#8221;full&#8221; alignment=&#8221;center&#8221; parallax_scroll=&#8221;no&#8221;][\/vc_column][\/vc_row][vc_row content_placement=&#8221;middle&#8221; css=&#8221;.vc_custom_1686822488218{margin-bottom: -100px !important;padding-top: 5vh !important;padding-bottom: 20vh !important;}&#8221; mobile_bg_img_hidden=&#8221;no&#8221; tablet_bg_img_hidden=&#8221;no&#8221; woodmart_parallax=&#8221;0&#8243; woodmart_gradient_switch=&#8221;no&#8221; row_reverse_mobile=&#8221;0&#8243; row_reverse_tablet=&#8221;0&#8243; woodmart_disable_overflow=&#8221;0&#8243; woodmart_css_id=&#8221;648ade5298652&#8243; responsive_spacing=&#8221;eyJwYXJhbV90eXBlIjoid29vZG1hcnRfcmVzcG9uc2l2ZV9zcGFjaW5nIiwic2VsZWN0b3JfaWQiOiI2NDhhZGU1Mjk4NjUyIiwic2hvcnRjb2RlIjoidmNfcm93IiwiZGF0YSI6eyJ0YWJsZXQiOnt9LCJtb2JpbGUiOnt9fX0=&#8221; woodmart_box_shadow=&#8221;no&#8221; wd_z_index=&#8221;no&#8221;][vc_column width=&#8221;1\/2&#8243;][vc_single_image image=&#8221;4955&#8243; img_size=&#8221;full&#8221; alignment=&#8221;center&#8221; parallax_scroll=&#8221;no&#8221;][\/vc_column][vc_column width=&#8221;1\/2&#8243;][vc_column_text woodmart_color_scheme=&#8221;light&#8221; text_larger=&#8221;no&#8221; css=&#8221;.vc_custom_1667252834636{padding-right: 10% !important;}&#8221; woodmart_inline=&#8221;no&#8221;]<\/p>\n<div style=\"color: #2d2a2a;\">\n<p>&nbsp;<\/p>\n<p>Se avete domande, chiamateci o inviateci un&#8217;e-mail. Saremo lieti di aiutarvi e consigliarvi con competenza su un uso ideale dello spazio con mobili intelligenti.<\/p>\n<p>Stiamo ancora cercando una location adatta per uno showroom. Fino ad allora, troverete il nostro assortimento nel nostro negozio online. Per ulteriori ispirazioni e aggiornamenti, puoi seguirci su Facebook.<\/p>\n<p>Squadra<br \/>\nSpacesaver.ch<\/div>\n<p>[\/vc_column_text][\/vc_column][\/vc_row][vc_section content_placement=&#8221;top&#8221; css=&#8221;.vc_custom_1590484148289{margin-top: -100px !important;padding-top: 50px !important;padding-right: 7% !important;padding-left: 7% !important;background-color: #ffffff !important;}&#8221; el_class=&#8221;position-relative z-index-h&#8221; mobile_bg_img_hidden=&#8221;no&#8221; tablet_bg_img_hidden=&#8221;no&#8221; woodmart_parallax=&#8221;0&#8243; woodmart_gradient_switch=&#8221;no&#8221; woodmart_disable_overflow=&#8221;0&#8243;][vc_row css=&#8221;.vc_custom_1590485195185{padding-top: 5vh !important;padding-bottom: 5vh !important;}&#8221; mobile_bg_img_hidden=&#8221;no&#8221; tablet_bg_img_hidden=&#8221;no&#8221; woodmart_parallax=&#8221;0&#8243; woodmart_gradient_switch=&#8221;no&#8221; row_reverse_mobile=&#8221;0&#8243; row_reverse_tablet=&#8221;0&#8243; woodmart_disable_overflow=&#8221;0&#8243;][vc_column width=&#8221;1\/4&#8243;]\t\t\t<div class=\"woodmart-counter wd-wpb  wd-rs-5ecce03f00e46 counter-extra-large text-center color-scheme- \" id=\"wd-5ecce03f00e46\">\n\t\t\t\t<div class=\"counter-value wd-font-weight-600\" data-state=\"new\" data-final=\"258\">258<\/div>\n\t\t\t\t\t\t\t\t\t<div class=\"counter-label\">CLIENTI SODDISFATTI<\/div>\n\t\t\t\t\t\t\t\t\t\t\t<\/div>\n\n\t\t[\/vc_column][vc_column width=&#8221;1\/4&#8243;]\t\t\t<div class=\"woodmart-counter wd-wpb  wd-rs-5ecce0443aba7 counter-extra-large text-center color-scheme- \" id=\"wd-5ecce0443aba7\">\n\t\t\t\t<div class=\"counter-value wd-font-weight-600\" data-state=\"new\" data-final=\"26\">26<\/div>\n\t\t\t\t\t\t\t\t\t<div class=\"counter-label\">VARIANTI DI LETTO<\/div>\n\t\t\t\t\t\t\t\t\t\t\t<\/div>\n\n\t\t[\/vc_column][vc_column width=&#8221;1\/4&#8243;]\t\t\t<div class=\"woodmart-counter wd-wpb  wd-rs-5ecce0487a1b9 counter-extra-large text-center color-scheme- \" id=\"wd-5ecce0487a1b9\">\n\t\t\t\t<div class=\"counter-value wd-font-weight-600\" data-state=\"new\" data-final=\"63\">63<\/div>\n\t\t\t\t\t\t\t\t\t<div class=\"counter-label\">ASSEMBLAGGI FINITI<\/div>\n\t\t\t\t\t\t\t\t\t\t\t<\/div>\n\n\t\t[\/vc_column][vc_column width=&#8221;1\/4&#8243;]\t\t\t<div class=\"woodmart-counter wd-wpb  wd-rs-5ecce04d09f88 counter-extra-large text-center color-scheme- \" id=\"wd-5ecce04d09f88\">\n\t\t\t\t<div class=\"counter-value wd-font-weight-600\" data-state=\"new\" data-final=\"5\">5<\/div>\n\t\t\t\t\t\t\t\t\t<div class=\"counter-label\">PERSONE NEL TEAM<\/div>\n\t\t\t\t\t\t\t\t\t\t\t<\/div>\n\n\t\t[\/vc_column][\/vc_row][vc_row][vc_column][vc_empty_space height=&#8221;52px&#8221; woodmart_hide_large=&#8221;0&#8243; woodmart_hide_medium=&#8221;0&#8243; woodmart_hide_small=&#8221;0&#8243; woodmart_hide_extra_small=&#8221;0&#8243;]\n\t\t<div id=\"wd-5f5232b845bed\" class=\"title-wrapper wd-wpb set-mb-s reset-last-child  wd-rs-5f5232b845bed wd-title-color-default wd-title-style-default text-center  wd-width-enabled wd-underline-colored\" style=\"--wd-max-width: 90%;\">\n\t\t\t\n\t\t\t<div class=\"liner-continer\">\n\t\t\t\t<h2 class=\"woodmart-title-container title  wd-font-weight-700 wd-fontsize-xxl\" >IL NOSTRO TEAM<\/h2>\n\t\t\t\t\t\t\t<\/div>\n\t\t\t\n\t\t\t\t\t\t\t<div class=\"title-after_title  set-cont-mb-s reset-last-child  wd-fontsize-s\">Siamo un team di professionisti che si occupa di tutto, dalla consulenza all&apos;acquisto e all&apos;installazione.<\/div>\n\t\t\t\n\t\t\t\n\t\t<\/div>\n\t\t\n\t\t[\/vc_column][\/vc_row][vc_row css=&#8221;.vc_custom_1490350549168{margin-bottom: 5vh !important;}&#8221;][vc_column width=&#8221;1\/5&#8243; mobile_bg_img_hidden=&#8221;no&#8221; tablet_bg_img_hidden=&#8221;no&#8221; woodmart_parallax=&#8221;0&#8243; woodmart_sticky_column=&#8221;false&#8221; parallax_scroll=&#8221;no&#8221; mobile_reset_margin=&#8221;no&#8221; tablet_reset_margin=&#8221;no&#8221;]<div class=\"team-member wd-wpb text-center  member-layout-default\"><div class=\"member-image-wrapper\"><div class=\"member-image\"><img decoding=\"async\" class=\"team-member-avatar-image \" src=\"https:\/\/spacesaver.ch\/wp-content\/uploads\/2020\/07\/lubo-400x400.jpg\" width=\"400\" height=\"400\" alt=\"lubo\" title=\"lubo\" loading=\"lazy\" \/><\/div><\/div><div class=\"member-details\"><h4 class=\"member-name\">Lubo<\/h4><span class=\"member-position\">Raccordi<\/span><\/div><\/div>[\/vc_column][vc_column width=&#8221;1\/5&#8243; mobile_bg_img_hidden=&#8221;no&#8221; tablet_bg_img_hidden=&#8221;no&#8221; woodmart_parallax=&#8221;0&#8243; woodmart_sticky_column=&#8221;false&#8221; parallax_scroll=&#8221;no&#8221; mobile_reset_margin=&#8221;no&#8221; tablet_reset_margin=&#8221;no&#8221;]<div class=\"team-member wd-wpb text-center  member-layout-default\"><div class=\"member-image-wrapper\"><div class=\"member-image\"><img decoding=\"async\" class=\"team-member-avatar-image \" src=\"https:\/\/spacesaver.ch\/wp-content\/uploads\/2020\/08\/DSC_1695_PS2-400x400.jpg\" width=\"400\" height=\"400\" alt=\"DSC_1695_PS2\" title=\"DSC_1695_PS2\" loading=\"lazy\" \/><\/div><\/div><div class=\"member-details\"><h4 class=\"member-name\">Piero<\/h4><span class=\"member-position\">Raccordi<\/span><\/div><\/div>[\/vc_column][vc_column width=&#8221;1\/5&#8243; mobile_bg_img_hidden=&#8221;no&#8221; tablet_bg_img_hidden=&#8221;no&#8221; woodmart_parallax=&#8221;0&#8243; woodmart_sticky_column=&#8221;false&#8221; parallax_scroll=&#8221;no&#8221; mobile_reset_margin=&#8221;no&#8221; tablet_reset_margin=&#8221;no&#8221;]<div class=\"team-member wd-wpb text-center  member-layout-default\"><div class=\"member-image-wrapper\"><div class=\"member-image\"><img decoding=\"async\" class=\"team-member-avatar-image \" src=\"https:\/\/spacesaver.ch\/wp-content\/uploads\/2020\/08\/Profilovka2-400x400.jpg\" width=\"400\" height=\"400\" alt=\"Profilovka2\" title=\"Profilovka2\" loading=\"lazy\" \/><\/div><\/div><div class=\"member-details\"><h4 class=\"member-name\">Balestruccio<\/h4><span class=\"member-position\">Consulenza abitativa | Consegna e montaggio | Prodotti su misura<\/span><\/div><\/div>[\/vc_column][vc_column width=&#8221;1\/5&#8243;]<div class=\"team-member wd-wpb text-center  member-layout-default\"><div class=\"member-image-wrapper\"><div class=\"member-image\"><img decoding=\"async\" class=\"team-member-avatar-image \" src=\"https:\/\/spacesaver.ch\/wp-content\/uploads\/2020\/07\/anna-400x400.jpg\" width=\"400\" height=\"400\" alt=\"anna\" title=\"anna\" loading=\"lazy\" \/><\/div><\/div><div class=\"member-details\"><h4 class=\"member-name\">Anna<\/h4><span class=\"member-position\">Fata dei social media | Amministrazione<\/span><div class=\"member-bio\"><a href=\"mailto:anna.macejko@spacesaver.ch\">anna.macejko@spacesaver.ch<\/a><\/div><\/div><\/div>[\/vc_column][vc_column width=&#8221;1\/5&#8243;]<div class=\"team-member wd-wpb text-center  member-layout-default\"><div class=\"member-image-wrapper\"><div class=\"member-image\"><img decoding=\"async\" class=\"team-member-avatar-image \" src=\"https:\/\/spacesaver.ch\/wp-content\/uploads\/2021\/10\/unnamed-400x400.jpg\" width=\"400\" height=\"400\" alt=\"unnamed\" title=\"unnamed\" loading=\"lazy\" \/><\/div><\/div><div class=\"member-details\"><h4 class=\"member-name\">Mirka<\/h4><span class=\"member-position\">Responsabile dell&apos;ufficio<\/span><div class=\"member-bio\"><a href=\"mailto:office@spacesaver.ch\">office@spacesaver.ch<\/a><\/div><\/div><\/div>[\/vc_column][\/vc_row][\/vc_section]<\/p>\n<\/div>","protected":false},"excerpt":{"rendered":"<p>[vc_row content_placement=&#8221;middle&#8221; css=&#8221;.vc_custom_1686822393853{padding-top: 15vh !important;}&#8221; mobile_bg_img_hidden=&#8221;no&#8221; tablet_bg_img_hidden=&#8221;no&#8221; woodmart_parallax=&#8221;0&#8243; woodmart_gradient_switch=&#8221;no&#8221; row_reverse_mobile=&#8221;0&#8243; row_reverse_tablet=&#8221;0&#8243; woodmart_disable_overflow=&#8221;0&#8243; woodmart_css_id=&#8221;648addee14969&#8243; responsive_spacing=&#8221;eyJwYXJhbV90eXBlIjoid29vZG1hcnRfcmVzcG9uc2l2ZV9zcGFjaW5nIiwic2VsZWN0b3JfaWQiOiI2NDhhZGRlZTE0OTY5Iiwic2hvcnRjb2RlIjoidmNfcm93IiwiZGF0YSI6eyJ0YWJsZXQiOnt9LCJtb2JpbGUiOnt9fX0=&#8221; woodmart_box_shadow=&#8221;no&#8221; wd_z_index=&#8221;no&#8221;][vc_column width=&#8221;1\/2&#8243;][vc_column_text woodmart_color_scheme=&#8221;light&#8221; text_larger=&#8221;no&#8221; css=&#8221;.vc_custom_1594377516515{padding-right:<\/p>\n","protected":false},"author":90,"featured_media":0,"parent":0,"menu_order":0,"comment_status":"closed","ping_status":"closed","template":"","meta":{"_acf_changed":false,"footnotes":""},"class_list":["post-32321","page","type-page","status-publish","hentry"],"acf":[],"yoast_head":"<!-- This site is optimized with the Yoast SEO plugin v26.4 - https:\/\/yoast.com\/wordpress\/plugins\/seo\/ -->\n<title>Perch\u00e9 Spacesaver | Spacesaver<\/title>\n<meta name=\"description\" content=\"Nel nostro negozio online ti offriamo letti intelligenti. Offriamo consegne in tutta la Svizzera. Massima qualit\u00e0 e servizio professionale.\" \/>\n<meta name=\"robots\" content=\"index, follow, max-snippet:-1, max-image-preview:large, max-video-preview:-1\" \/>\n<link rel=\"canonical\" href=\"https:\/\/spacesaver.ch\/it\/perche-noi\/\" \/>\n<meta property=\"og:locale\" content=\"it_IT\" \/>\n<meta property=\"og:type\" content=\"article\" \/>\n<meta property=\"og:title\" content=\"Perch\u00e9 Spacesaver | Spacesaver\" \/>\n<meta property=\"og:description\" content=\"Nel nostro negozio online ti offriamo letti intelligenti. Offriamo consegne in tutta la Svizzera. Massima qualit\u00e0 e servizio professionale.\" \/>\n<meta property=\"og:url\" content=\"https:\/\/spacesaver.ch\/it\/perche-noi\/\" \/>\n<meta property=\"og:site_name\" content=\"Spacesaver\" \/>\n<meta property=\"article:modified_time\" content=\"2024-02-01T13:36:43+00:00\" \/>\n<meta name=\"twitter:card\" content=\"summary_large_image\" \/>\n<meta name=\"twitter:label1\" content=\"Tempo di lettura stimato\" \/>\n\t<meta name=\"twitter:data1\" content=\"5 minuti\" \/>\n<script type=\"application\/ld+json\" class=\"yoast-schema-graph\">{\"@context\":\"https:\/\/schema.org\",\"@graph\":[{\"@type\":\"WebPage\",\"@id\":\"https:\/\/spacesaver.ch\/it\/perche-noi\/\",\"url\":\"https:\/\/spacesaver.ch\/it\/perche-noi\/\",\"name\":\"Perch\u00e9 Spacesaver | Spacesaver\",\"isPartOf\":{\"@id\":\"https:\/\/spacesaver.ch\/it\/#website\"},\"datePublished\":\"2020-03-23T19:04:12+00:00\",\"dateModified\":\"2024-02-01T13:36:43+00:00\",\"description\":\"Nel nostro negozio online ti offriamo letti intelligenti. Offriamo consegne in tutta la Svizzera. Massima qualit\u00e0 e servizio professionale.\",\"breadcrumb\":{\"@id\":\"https:\/\/spacesaver.ch\/it\/perche-noi\/#breadcrumb\"},\"inLanguage\":\"it-IT\",\"potentialAction\":[{\"@type\":\"ReadAction\",\"target\":[\"https:\/\/spacesaver.ch\/it\/perche-noi\/\"]}]},{\"@type\":\"BreadcrumbList\",\"@id\":\"https:\/\/spacesaver.ch\/it\/perche-noi\/#breadcrumb\",\"itemListElement\":[{\"@type\":\"ListItem\",\"position\":1,\"name\":\"Home\",\"item\":\"https:\/\/spacesaver.ch\/it\/\"},{\"@type\":\"ListItem\",\"position\":2,\"name\":\"Perch\u00e9 noi\"}]},{\"@type\":\"WebSite\",\"@id\":\"https:\/\/spacesaver.ch\/it\/#website\",\"url\":\"https:\/\/spacesaver.ch\/it\/\",\"name\":\"Spacesaver\",\"description\":\"\",\"publisher\":{\"@id\":\"https:\/\/spacesaver.ch\/it\/#organization\"},\"potentialAction\":[{\"@type\":\"SearchAction\",\"target\":{\"@type\":\"EntryPoint\",\"urlTemplate\":\"https:\/\/spacesaver.ch\/it\/?s={search_term_string}\"},\"query-input\":{\"@type\":\"PropertyValueSpecification\",\"valueRequired\":true,\"valueName\":\"search_term_string\"}}],\"inLanguage\":\"it-IT\"},{\"@type\":\"Organization\",\"@id\":\"https:\/\/spacesaver.ch\/it\/#organization\",\"name\":\"Spacesaver | Schrankbetten\",\"url\":\"https:\/\/spacesaver.ch\/it\/\",\"logo\":{\"@type\":\"ImageObject\",\"inLanguage\":\"it-IT\",\"@id\":\"https:\/\/spacesaver.ch\/it\/#\/schema\/logo\/image\/\",\"url\":\"https:\/\/spacesaver.ch\/wp-content\/uploads\/2020\/03\/cropped-logo_space.png\",\"contentUrl\":\"https:\/\/spacesaver.ch\/wp-content\/uploads\/2020\/03\/cropped-logo_space.png\",\"width\":500,\"height\":281,\"caption\":\"Spacesaver | Schrankbetten\"},\"image\":{\"@id\":\"https:\/\/spacesaver.ch\/it\/#\/schema\/logo\/image\/\"}}]}<\/script>\n<!-- \/ Yoast SEO plugin. -->","yoast_head_json":{"title":"Perch\u00e9 Spacesaver | Spacesaver","description":"Nel nostro negozio online ti offriamo letti intelligenti. Offriamo consegne in tutta la Svizzera. Massima qualit\u00e0 e servizio professionale.","robots":{"index":"index","follow":"follow","max-snippet":"max-snippet:-1","max-image-preview":"max-image-preview:large","max-video-preview":"max-video-preview:-1"},"canonical":"https:\/\/spacesaver.ch\/it\/perche-noi\/","og_locale":"it_IT","og_type":"article","og_title":"Perch\u00e9 Spacesaver | Spacesaver","og_description":"Nel nostro negozio online ti offriamo letti intelligenti. Offriamo consegne in tutta la Svizzera. Massima qualit\u00e0 e servizio professionale.","og_url":"https:\/\/spacesaver.ch\/it\/perche-noi\/","og_site_name":"Spacesaver","article_modified_time":"2024-02-01T13:36:43+00:00","twitter_card":"summary_large_image","twitter_misc":{"Tempo di lettura stimato":"5 minuti"},"schema":{"@context":"https:\/\/schema.org","@graph":[{"@type":"WebPage","@id":"https:\/\/spacesaver.ch\/it\/perche-noi\/","url":"https:\/\/spacesaver.ch\/it\/perche-noi\/","name":"Perch\u00e9 Spacesaver | Spacesaver","isPartOf":{"@id":"https:\/\/spacesaver.ch\/it\/#website"},"datePublished":"2020-03-23T19:04:12+00:00","dateModified":"2024-02-01T13:36:43+00:00","description":"Nel nostro negozio online ti offriamo letti intelligenti. Offriamo consegne in tutta la Svizzera. Massima qualit\u00e0 e servizio professionale.","breadcrumb":{"@id":"https:\/\/spacesaver.ch\/it\/perche-noi\/#breadcrumb"},"inLanguage":"it-IT","potentialAction":[{"@type":"ReadAction","target":["https:\/\/spacesaver.ch\/it\/perche-noi\/"]}]},{"@type":"BreadcrumbList","@id":"https:\/\/spacesaver.ch\/it\/perche-noi\/#breadcrumb","itemListElement":[{"@type":"ListItem","position":1,"name":"Home","item":"https:\/\/spacesaver.ch\/it\/"},{"@type":"ListItem","position":2,"name":"Perch\u00e9 noi"}]},{"@type":"WebSite","@id":"https:\/\/spacesaver.ch\/it\/#website","url":"https:\/\/spacesaver.ch\/it\/","name":"Spacesaver","description":"","publisher":{"@id":"https:\/\/spacesaver.ch\/it\/#organization"},"potentialAction":[{"@type":"SearchAction","target":{"@type":"EntryPoint","urlTemplate":"https:\/\/spacesaver.ch\/it\/?s={search_term_string}"},"query-input":{"@type":"PropertyValueSpecification","valueRequired":true,"valueName":"search_term_string"}}],"inLanguage":"it-IT"},{"@type":"Organization","@id":"https:\/\/spacesaver.ch\/it\/#organization","name":"Spacesaver | Schrankbetten","url":"https:\/\/spacesaver.ch\/it\/","logo":{"@type":"ImageObject","inLanguage":"it-IT","@id":"https:\/\/spacesaver.ch\/it\/#\/schema\/logo\/image\/","url":"https:\/\/spacesaver.ch\/wp-content\/uploads\/2020\/03\/cropped-logo_space.png","contentUrl":"https:\/\/spacesaver.ch\/wp-content\/uploads\/2020\/03\/cropped-logo_space.png","width":500,"height":281,"caption":"Spacesaver | Schrankbetten"},"image":{"@id":"https:\/\/spacesaver.ch\/it\/#\/schema\/logo\/image\/"}}]}},"jetpack_sharing_enabled":true,"_links":{"self":[{"href":"https:\/\/spacesaver.ch\/it\/wp-json\/wp\/v2\/pages\/32321","targetHints":{"allow":["GET"]}}],"collection":[{"href":"https:\/\/spacesaver.ch\/it\/wp-json\/wp\/v2\/pages"}],"about":[{"href":"https:\/\/spacesaver.ch\/it\/wp-json\/wp\/v2\/types\/page"}],"author":[{"embeddable":true,"href":"https:\/\/spacesaver.ch\/it\/wp-json\/wp\/v2\/users\/90"}],"replies":[{"embeddable":true,"href":"https:\/\/spacesaver.ch\/it\/wp-json\/wp\/v2\/comments?post=32321"}],"version-history":[{"count":1,"href":"https:\/\/spacesaver.ch\/it\/wp-json\/wp\/v2\/pages\/32321\/revisions"}],"predecessor-version":[{"id":32333,"href":"https:\/\/spacesaver.ch\/it\/wp-json\/wp\/v2\/pages\/32321\/revisions\/32333"}],"wp:attachment":[{"href":"https:\/\/spacesaver.ch\/it\/wp-json\/wp\/v2\/media?parent=32321"}],"curies":[{"name":"wp","href":"https:\/\/api.w.org\/{rel}","templated":true}]}}