{"id":26780,"date":"2020-03-23T20:07:57","date_gmt":"2020-03-23T19:07:57","guid":{"rendered":"https:\/\/spacesaver.ch\/foire-aux-questions\/"},"modified":"2023-11-16T15:24:52","modified_gmt":"2023-11-16T14:24:52","slug":"foire-aux-questions","status":"publish","type":"page","link":"https:\/\/spacesaver.ch\/fr\/foire-aux-questions\/","title":{"rendered":"Foire aux questions"},"content":{"rendered":"<div class=\"wpb-content-wrapper\"><p>[vc_row][vc_column][vc_tta_accordion][vc_tta_section title=\u00a0\u00bbQuelles sont les diff\u00e9rences entre les mod\u00e8les Standard et Basic ?\u00a0\u00bb tab_id=\u00a0\u00bb1593173253334-3b449d95-342d\u00a0\u00bb][vc_column_text text_larger=\u00a0\u00bbno\u00a0\u00bb]Le mod\u00e8le Basic a une poign\u00e9e courte et des pieds extensibles. Le mod\u00e8le Standard dispose d\u2019une ou deux longues poign\u00e9es (verticales\/horizontales) et de pieds pliables. Les diff\u00e9rences exactes entre les mod\u00e8les Basic et Standard peuvent \u00eatre trouv\u00e9es \u00e0 l\u2019adresse suivante :<\/p>\n<p><a href=\"https:\/\/spacesaver.ch\/fr\/pourquoi-smartbett\/\">https:\/\/spacesaver.ch\/warum-smartbett\/<\/a>[\/vc_column_text][\/vc_tta_section][vc_tta_section title=\u00a0\u00bbQuels sont les d\u00e9lais de livraison ?\u00a0\u00bb tab_id=\u00a0\u00bb1593173253364-25fa1c21-9f51&Prime;][vc_column_text text_larger=\u00a0\u00bbno\u00a0\u00bb]Le d\u00e9lai de livraison \u00e0 notre entrep\u00f4t est de 30 jours ouvrables. Si vous achetez un Murphy lit avec assemblage chez nous, vous devrez payer 7 jours ouvrables suppl\u00e9mentaires.[\/vc_column_text][\/vc_tta_section][vc_tta_section title=\u00a0\u00bbQuel est le processus de commande ?\u00a0\u00bb tab_id=\u00a0\u00bb1593178211237-0bc3218e-a2af\u00a0\u00bb][vc_column_text text_larger=\u00a0\u00bbno\u00a0\u00bb]Vous pouvez commander le lit chez nous via la boutique en ligne, par courrier ou par t\u00e9l\u00e9phone. Lorsque vous passez une commande, nous vous envoyons la confirmation de commande avec nos conditions de livraison et de paiement incl. Bordereau de d\u00e9p\u00f4t. D\u00e8s que nous aurons re\u00e7u le paiement, nous le confirmerons. Nous prendrons contact avec vous pour la livraison et une \u00e9ventuelle date d\u2019installation.[\/vc_column_text][\/vc_tta_section][vc_tta_section title=\u00a0\u00bbLivraison, montage\u00a0\u00bb tab_id=\u00a0\u00bb1593178328776-30bdd422-42f5&Prime;][vc_column_text text_larger=\u00a0\u00bbno\u00a0\u00bb]La livraison n\u2019est pas seulement effectu\u00e9e \u00e0 la maison\/appartement, mais dans la pi\u00e8ce souhait\u00e9e. Nous proposons l\u2019installation dans toute la Suisse.<\/p>\n<p>Le prix de CHF 600.00 pour le montage s\u2019explique comme suit : 5 heures avec 2 monteurs sont n\u00e9cessaires pour le montage, soit un total de 10 heures de travail. Le prix du montage comprend \u00e9galement 8 vis pour fixer le lit \u00e0 un mur solide. Bien entendu, nous laissons le lieu de travail propre et bien rang\u00e9 et, si vous le souhaitez, le mat\u00e9riel d\u2019emballage peut \u00e9galement \u00eatre \u00e9limin\u00e9. Ainsi, apr\u00e8s 5 heures, vous pouvez d\u00e9j\u00e0 utiliser le nouveau lit intelligent et, esp\u00e9rons-le, en profiter au maximum.[\/vc_column_text][\/vc_tta_section][vc_tta_section title=\u00a0\u00bbComment puis-je r\u00e9gler l\u2019avant s\u2019il d\u00e9passe du corps ou si l\u2019\u00e9cart n\u2019est pas correct ?\u00a0\u00bb tab_id=\u00a0\u00bb1593178376173-8d796625-f9e9&Prime;][vc_column_text text_larger=\u00a0\u00bbno\u00a0\u00bb]Le r\u00e9glage de la face avant s\u2019effectue au niveau des m\u00e9canismes. Si vous souhaitez que l\u2019avant soit plus haut ou plus bas, ajustez-le \u00e0 l\u2019aide des 3 vis situ\u00e9es sur les \u00ab&nbsp;bras&nbsp;\u00bb du m\u00e9canisme. Si l\u2019avant est trop \u00e9loign\u00e9 ou trop profond dans le corps, vous pouvez l\u2019ajuster sur le support du m\u00e9canisme sur le corps.[\/vc_column_text][\/vc_tta_section][vc_tta_section title=\u00a0\u00bbPourquoi ai-je besoin d\u2019une hauteur sous plafond d\u2019au moins 235 cm pour construire un lit escamotable vertical d\u2019une hauteur de 221 cm.\u00a0\u00bb tab_id=\u00a0\u00bb1593178410086-22fabd4b-0283&Prime;][vc_column_text text_larger=\u00a0\u00bbno\u00a0\u00bb]\u00c9tant donn\u00e9 que le lit est install\u00e9 en position couch\u00e9e, il a besoin d\u2019une couverture plus haute lorsqu\u2019il est soulev\u00e9 en raison de l\u2019angle. Une configuration debout est un peu plus difficile. Les vis de blocage sont \u00e9galement situ\u00e9es sur la plaque sup\u00e9rieure du lit et vous avez besoin d\u2019espace pour les visser.[\/vc_column_text][\/vc_tta_section][vc_tta_section title=\u00a0\u00bbFixation \u00e0 un mur l\u00e9ger\u00a0\u00bb tab_id=\u00a0\u00bb1593178445800-0d33a5a2-14dc\u00a0\u00bb][vc_column_text text_larger=\u00a0\u00bbno\u00a0\u00bb]Le vendeur d\u00e9conseille express\u00e9ment de fixer le lit escamotable sur des murs en pl\u00e2tre ou l\u00e9gers, sinon il n\u2019assume aucune responsabilit\u00e9.<\/p>\n<p>Il appartient \u00e0 l\u2019acheteur de clarifier cette condition \u00e0 l\u2019avance. \u00c0 la demande du client, les installateurs de Spacesaver GmbH fixent \u00e9galement le lit \u00e0 un mur l\u00e9ger au mieux de leurs connaissances et de leurs convictions. En signant un formulaire s\u00e9par\u00e9, l\u2019acheteur confirme qu\u2019il est conscient de tous les risques li\u00e9s \u00e0 sa fixation sur un mur l\u00e9ger. En cas de dommage, il indemnisera le vendeur juridiquement et financi\u00e8rement.[\/vc_column_text][\/vc_tta_section][vc_tta_section title=\u00a0\u00bbPlaintes\u00a0\u00bb tab_id=\u00a0\u00bb1593178480122-5a1abc5b-fdce\u00a0\u00bb][vc_column_text text_larger=\u00a0\u00bbno\u00a0\u00bb]Comment puis-je me plaindre de pi\u00e8ces manquantes ?<\/p>\n<p>Pour les pi\u00e8ces manquantes, veuillez nous envoyer un e-mail avec votre num\u00e9ro de commande et votre num\u00e9ro de client. S\u2019il vous pla\u00eet laissez-nous savoir le nom et la quantit\u00e9 de pi\u00e8ces manquantes. Les d\u00e9signations se trouvent sur les instructions de montage.[\/vc_column_text][\/vc_tta_section][vc_tta_section title=\u00a0\u00bbComment puis-je d\u00e9poser une plainte concernant des pi\u00e8ces endommag\u00e9es ?\u00a0\u00bb tab_id=\u00a0\u00bb1593178509206-12b7e8eb-6da9&Prime;][vc_column_text text_larger=\u00a0\u00bbno\u00a0\u00bb]Pour les pi\u00e8ces endommag\u00e9es, veuillez nous envoyer un e-mail avec votre num\u00e9ro de commande et votre num\u00e9ro de client. Veuillez \u00e9num\u00e9rer les pi\u00e8ces endommag\u00e9es avec la d\u00e9signation conform\u00e9ment aux instructions de montage. Important : Pour une r\u00e9clamation de pi\u00e8ces endommag\u00e9es, des photos de celles-ci sont requises.[\/vc_column_text][\/vc_tta_section][vc_tta_section title=\u00a0\u00bbCombien de temps faut-il pour r\u00e9cup\u00e9rer mes pi\u00e8ces manquantes ou endommag\u00e9es ?\u00a0\u00bb tab_id=\u00a0\u00bb1593178543050-0fe0d8f3-e2c7&Prime;][vc_column_text text_larger=\u00a0\u00bbno\u00a0\u00bb]Nous pouvons g\u00e9n\u00e9ralement livrer de petites pi\u00e8ces en quelques jours. Cependant, il y a des pi\u00e8ces que nous n\u2019avons pas toujours en stock et que nous devons commander \u00e0 nouveau aupr\u00e8s de nos producteurs. Ensuite, cela peut prendre environ 2 \u00e0 4 semaines. Bien entendu, nous essayons toujours de trouver une solution le plus rapidement possible afin de livrer les pi\u00e8ces manquantes\/endommag\u00e9es le plus rapidement possible.[\/vc_column_text][\/vc_tta_section][\/vc_tta_accordion][\/vc_column][\/vc_row]<\/p>\n<\/div>","protected":false},"excerpt":{"rendered":"<p>[vc_row][vc_column][vc_tta_accordion][vc_tta_section title=\u00a0\u00bbQuelles sont les diff\u00e9rences entre les mod\u00e8les Standard et Basic ?\u00a0\u00bb tab_id=\u00a0\u00bb1593173253334-3b449d95-342d\u00a0\u00bb][vc_column_text text_larger=\u00a0\u00bbno\u00a0\u00bb]Le mod\u00e8le Basic a une poign\u00e9e courte<\/p>\n","protected":false},"author":90,"featured_media":0,"parent":0,"menu_order":0,"comment_status":"closed","ping_status":"closed","template":"","meta":{"_acf_changed":false,"footnotes":""},"class_list":["post-26780","page","type-page","status-publish","hentry"],"acf":[],"yoast_head":"<!-- This site is optimized with the Yoast SEO plugin v26.4 - https:\/\/yoast.com\/wordpress\/plugins\/seo\/ -->\n<title>Foire aux questions | Spacesaver<\/title>\n<meta name=\"robots\" content=\"index, follow, max-snippet:-1, max-image-preview:large, max-video-preview:-1\" \/>\n<link rel=\"canonical\" href=\"https:\/\/spacesaver.ch\/fr\/foire-aux-questions\/\" \/>\n<meta property=\"og:locale\" content=\"fr_FR\" \/>\n<meta property=\"og:type\" content=\"article\" \/>\n<meta property=\"og:title\" content=\"Foire aux questions | Spacesaver\" \/>\n<meta property=\"og:description\" content=\"[vc_row][vc_column][vc_tta_accordion][vc_tta_section title=\u00a0\u00bbQuelles sont les diff\u00e9rences entre les mod\u00e8les Standard et Basic ?\u00a0\u00bb tab_id=\u00a0\u00bb1593173253334-3b449d95-342d\u00a0\u00bb][vc_column_text text_larger=\u00a0\u00bbno\u00a0\u00bb]Le mod\u00e8le Basic a une poign\u00e9e courte\" \/>\n<meta property=\"og:url\" content=\"https:\/\/spacesaver.ch\/fr\/foire-aux-questions\/\" \/>\n<meta property=\"og:site_name\" content=\"Spacesaver\" \/>\n<meta property=\"article:modified_time\" content=\"2023-11-16T14:24:52+00:00\" \/>\n<meta name=\"twitter:card\" content=\"summary_large_image\" \/>\n<meta name=\"twitter:label1\" content=\"Dur\u00e9e de lecture estim\u00e9e\" \/>\n\t<meta name=\"twitter:data1\" content=\"5 minutes\" \/>\n<script type=\"application\/ld+json\" class=\"yoast-schema-graph\">{\"@context\":\"https:\/\/schema.org\",\"@graph\":[{\"@type\":\"WebPage\",\"@id\":\"https:\/\/spacesaver.ch\/fr\/foire-aux-questions\/\",\"url\":\"https:\/\/spacesaver.ch\/fr\/foire-aux-questions\/\",\"name\":\"Foire aux questions | Spacesaver\",\"isPartOf\":{\"@id\":\"https:\/\/spacesaver.ch\/fr\/#website\"},\"datePublished\":\"2020-03-23T19:07:57+00:00\",\"dateModified\":\"2023-11-16T14:24:52+00:00\",\"breadcrumb\":{\"@id\":\"https:\/\/spacesaver.ch\/fr\/foire-aux-questions\/#breadcrumb\"},\"inLanguage\":\"fr-FR\",\"potentialAction\":[{\"@type\":\"ReadAction\",\"target\":[\"https:\/\/spacesaver.ch\/fr\/foire-aux-questions\/\"]}]},{\"@type\":\"BreadcrumbList\",\"@id\":\"https:\/\/spacesaver.ch\/fr\/foire-aux-questions\/#breadcrumb\",\"itemListElement\":[{\"@type\":\"ListItem\",\"position\":1,\"name\":\"Home\",\"item\":\"https:\/\/spacesaver.ch\/fr\/\"},{\"@type\":\"ListItem\",\"position\":2,\"name\":\"Foire aux questions\"}]},{\"@type\":\"WebSite\",\"@id\":\"https:\/\/spacesaver.ch\/fr\/#website\",\"url\":\"https:\/\/spacesaver.ch\/fr\/\",\"name\":\"Spacesaver\",\"description\":\"\",\"publisher\":{\"@id\":\"https:\/\/spacesaver.ch\/fr\/#organization\"},\"potentialAction\":[{\"@type\":\"SearchAction\",\"target\":{\"@type\":\"EntryPoint\",\"urlTemplate\":\"https:\/\/spacesaver.ch\/fr\/?s={search_term_string}\"},\"query-input\":{\"@type\":\"PropertyValueSpecification\",\"valueRequired\":true,\"valueName\":\"search_term_string\"}}],\"inLanguage\":\"fr-FR\"},{\"@type\":\"Organization\",\"@id\":\"https:\/\/spacesaver.ch\/fr\/#organization\",\"name\":\"Spacesaver | Schrankbetten\",\"url\":\"https:\/\/spacesaver.ch\/fr\/\",\"logo\":{\"@type\":\"ImageObject\",\"inLanguage\":\"fr-FR\",\"@id\":\"https:\/\/spacesaver.ch\/fr\/#\/schema\/logo\/image\/\",\"url\":\"https:\/\/spacesaver.ch\/wp-content\/uploads\/2020\/03\/cropped-logo_space.png\",\"contentUrl\":\"https:\/\/spacesaver.ch\/wp-content\/uploads\/2020\/03\/cropped-logo_space.png\",\"width\":500,\"height\":281,\"caption\":\"Spacesaver | Schrankbetten\"},\"image\":{\"@id\":\"https:\/\/spacesaver.ch\/fr\/#\/schema\/logo\/image\/\"}}]}<\/script>\n<!-- \/ Yoast SEO plugin. -->","yoast_head_json":{"title":"Foire aux questions | Spacesaver","robots":{"index":"index","follow":"follow","max-snippet":"max-snippet:-1","max-image-preview":"max-image-preview:large","max-video-preview":"max-video-preview:-1"},"canonical":"https:\/\/spacesaver.ch\/fr\/foire-aux-questions\/","og_locale":"fr_FR","og_type":"article","og_title":"Foire aux questions | Spacesaver","og_description":"[vc_row][vc_column][vc_tta_accordion][vc_tta_section title=\u00a0\u00bbQuelles sont les diff\u00e9rences entre les mod\u00e8les Standard et Basic ?\u00a0\u00bb tab_id=\u00a0\u00bb1593173253334-3b449d95-342d\u00a0\u00bb][vc_column_text text_larger=\u00a0\u00bbno\u00a0\u00bb]Le mod\u00e8le Basic a une poign\u00e9e courte","og_url":"https:\/\/spacesaver.ch\/fr\/foire-aux-questions\/","og_site_name":"Spacesaver","article_modified_time":"2023-11-16T14:24:52+00:00","twitter_card":"summary_large_image","twitter_misc":{"Dur\u00e9e de lecture estim\u00e9e":"5 minutes"},"schema":{"@context":"https:\/\/schema.org","@graph":[{"@type":"WebPage","@id":"https:\/\/spacesaver.ch\/fr\/foire-aux-questions\/","url":"https:\/\/spacesaver.ch\/fr\/foire-aux-questions\/","name":"Foire aux questions | Spacesaver","isPartOf":{"@id":"https:\/\/spacesaver.ch\/fr\/#website"},"datePublished":"2020-03-23T19:07:57+00:00","dateModified":"2023-11-16T14:24:52+00:00","breadcrumb":{"@id":"https:\/\/spacesaver.ch\/fr\/foire-aux-questions\/#breadcrumb"},"inLanguage":"fr-FR","potentialAction":[{"@type":"ReadAction","target":["https:\/\/spacesaver.ch\/fr\/foire-aux-questions\/"]}]},{"@type":"BreadcrumbList","@id":"https:\/\/spacesaver.ch\/fr\/foire-aux-questions\/#breadcrumb","itemListElement":[{"@type":"ListItem","position":1,"name":"Home","item":"https:\/\/spacesaver.ch\/fr\/"},{"@type":"ListItem","position":2,"name":"Foire aux questions"}]},{"@type":"WebSite","@id":"https:\/\/spacesaver.ch\/fr\/#website","url":"https:\/\/spacesaver.ch\/fr\/","name":"Spacesaver","description":"","publisher":{"@id":"https:\/\/spacesaver.ch\/fr\/#organization"},"potentialAction":[{"@type":"SearchAction","target":{"@type":"EntryPoint","urlTemplate":"https:\/\/spacesaver.ch\/fr\/?s={search_term_string}"},"query-input":{"@type":"PropertyValueSpecification","valueRequired":true,"valueName":"search_term_string"}}],"inLanguage":"fr-FR"},{"@type":"Organization","@id":"https:\/\/spacesaver.ch\/fr\/#organization","name":"Spacesaver | Schrankbetten","url":"https:\/\/spacesaver.ch\/fr\/","logo":{"@type":"ImageObject","inLanguage":"fr-FR","@id":"https:\/\/spacesaver.ch\/fr\/#\/schema\/logo\/image\/","url":"https:\/\/spacesaver.ch\/wp-content\/uploads\/2020\/03\/cropped-logo_space.png","contentUrl":"https:\/\/spacesaver.ch\/wp-content\/uploads\/2020\/03\/cropped-logo_space.png","width":500,"height":281,"caption":"Spacesaver | Schrankbetten"},"image":{"@id":"https:\/\/spacesaver.ch\/fr\/#\/schema\/logo\/image\/"}}]}},"jetpack_sharing_enabled":true,"_links":{"self":[{"href":"https:\/\/spacesaver.ch\/fr\/wp-json\/wp\/v2\/pages\/26780","targetHints":{"allow":["GET"]}}],"collection":[{"href":"https:\/\/spacesaver.ch\/fr\/wp-json\/wp\/v2\/pages"}],"about":[{"href":"https:\/\/spacesaver.ch\/fr\/wp-json\/wp\/v2\/types\/page"}],"author":[{"embeddable":true,"href":"https:\/\/spacesaver.ch\/fr\/wp-json\/wp\/v2\/users\/90"}],"replies":[{"embeddable":true,"href":"https:\/\/spacesaver.ch\/fr\/wp-json\/wp\/v2\/comments?post=26780"}],"version-history":[{"count":4,"href":"https:\/\/spacesaver.ch\/fr\/wp-json\/wp\/v2\/pages\/26780\/revisions"}],"predecessor-version":[{"id":27035,"href":"https:\/\/spacesaver.ch\/fr\/wp-json\/wp\/v2\/pages\/26780\/revisions\/27035"}],"wp:attachment":[{"href":"https:\/\/spacesaver.ch\/fr\/wp-json\/wp\/v2\/media?parent=26780"}],"curies":[{"name":"wp","href":"https:\/\/api.w.org\/{rel}","templated":true}]}}