{"id":26741,"date":"2020-03-23T20:04:12","date_gmt":"2020-03-23T19:04:12","guid":{"rendered":"https:\/\/spacesaver.ch\/pourquoi-nous\/"},"modified":"2023-11-16T15:24:37","modified_gmt":"2023-11-16T14:24:37","slug":"pourquoi-nous","status":"publish","type":"page","link":"https:\/\/spacesaver.ch\/fr\/pourquoi-nous\/","title":{"rendered":"Pourquoi nous"},"content":{"rendered":"<div class=\"wpb-content-wrapper\"><p>[vc_row content_placement=\u00a0\u00bbmiddle\u00a0\u00bb css=\u00a0\u00bb.vc_custom_1686822393853{padding-top: 15vh !important;}\u00a0\u00bb mobile_bg_img_hidden=\u00a0\u00bbno\u00a0\u00bb tablet_bg_img_hidden=\u00a0\u00bbno\u00a0\u00bb woodmart_parallax=\u00a0\u00bb0&Prime; woodmart_gradient_switch=\u00a0\u00bbno\u00a0\u00bb row_reverse_mobile=\u00a0\u00bb0&Prime; row_reverse_tablet=\u00a0\u00bb0&Prime; woodmart_disable_overflow=\u00a0\u00bb0&Prime; woodmart_css_id=\u00a0\u00bb648addee14969&Prime; responsive_spacing=\u00a0\u00bbeyJwYXJhbV90eXBlIjoid29vZG1hcnRfcmVzcG9uc2l2ZV9zcGFjaW5nIiwic2VsZWN0b3JfaWQiOiI2NDhhZGRlZTE0OTY5Iiwic2hvcnRjb2RlIjoidmNfcm93IiwiZGF0YSI6eyJ0YWJsZXQiOnt9LCJtb2JpbGUiOnt9fX0=\u00a0\u00bb woodmart_box_shadow=\u00a0\u00bbno\u00a0\u00bb wd_z_index=\u00a0\u00bbno\u00a0\u00bb][vc_column width=\u00a0\u00bb1\/2&Prime;]\n\t\t<div id=\"wd-5f3d533c58567\" class=\"title-wrapper wd-wpb set-mb-s reset-last-child  wd-rs-5f3d533c58567 wd-title-color-white wd-title-style-default text-left  wd-width-enabled wd-underline-colored\" style=\"--wd-max-width: 90%;\">\n\t\t\t\n\t\t\t<div class=\"liner-continer\">\n\t\t\t\t<h1 class=\"woodmart-title-container title  wd-font-weight-700 wd-fontsize-xxl\" >VOULEZ-VOUS AVOIR PLUS D\u2019ESPACE DANS VOTRE MAISON SANS SACRIFIER UN BON DESIGN ?<\/h1>\n\t\t\t\t\t\t\t<\/div>\n\t\t\t\n\t\t\t\n\t\t\t\n\t\t<\/div>\n\t\t\n\t\t[vc_column_text woodmart_color_scheme=\u00a0\u00bblight\u00a0\u00bb text_larger=\u00a0\u00bbno\u00a0\u00bb css=\u00a0\u00bb.vc_custom_1594377516515{padding-right: 10% !important;}\u00a0\u00bb]<\/p>\n<div style=\"color: #2d2a2a;\">\n<p><em><strong>C\u2019est exactement ce que nous vous proposons.  <\/strong><\/em>Dans notre boutique en ligne, nous vendons des lits intelligents qui peuvent \u00eatre facilement ouverts et ferm\u00e9s. Nos lits sont adapt\u00e9s \u00e0 un usage quotidien, mais peuvent \u00e9galement \u00eatre utilis\u00e9s comme lit d\u2019appoint. Cela donne \u00e0 votre maison plus d\u2019espace, plus de confort et plus de design.<\/div>\n<p>[\/vc_column_text][\/vc_column][vc_column width=\u00a0\u00bb1\/2&Prime;][vc_single_image image=\u00a0\u00bb4955&Prime; img_size=\u00a0\u00bbfull\u00a0\u00bb alignment=\u00a0\u00bbcenter\u00a0\u00bb parallax_scroll=\u00a0\u00bbno\u00a0\u00bb][\/vc_column][\/vc_row][vc_row content_placement=\u00a0\u00bbmiddle\u00a0\u00bb css=\u00a0\u00bb.vc_custom_1686822488218{margin-bottom: -100px !important;padding-top: 5vh !important;padding-bottom: 20vh !important;}\u00a0\u00bb mobile_bg_img_hidden=\u00a0\u00bbno\u00a0\u00bb tablet_bg_img_hidden=\u00a0\u00bbno\u00a0\u00bb woodmart_parallax=\u00a0\u00bb0&Prime; woodmart_gradient_switch=\u00a0\u00bbno\u00a0\u00bb row_reverse_mobile=\u00a0\u00bb0&Prime; row_reverse_tablet=\u00a0\u00bb0&Prime; woodmart_disable_overflow=\u00a0\u00bb0&Prime; woodmart_css_id=\u00a0\u00bb648ade5298652&Prime; responsive_spacing=\u00a0\u00bbeyJwYXJhbV90eXBlIjoid29vZG1hcnRfcmVzcG9uc2l2ZV9zcGFjaW5nIiwic2VsZWN0b3JfaWQiOiI2NDhhZGU1Mjk4NjUyIiwic2hvcnRjb2RlIjoidmNfcm93IiwiZGF0YSI6eyJ0YWJsZXQiOnt9LCJtb2JpbGUiOnt9fX0=\u00a0\u00bb woodmart_box_shadow=\u00a0\u00bbno\u00a0\u00bb wd_z_index=\u00a0\u00bbno\u00a0\u00bb][vc_column width=\u00a0\u00bb1\/2&Prime;][vc_single_image image=\u00a0\u00bb4955&Prime; img_size=\u00a0\u00bbfull\u00a0\u00bb alignment=\u00a0\u00bbcenter\u00a0\u00bb parallax_scroll=\u00a0\u00bbno\u00a0\u00bb][\/vc_column][vc_column width=\u00a0\u00bb1\/2&Prime;][vc_column_text woodmart_color_scheme=\u00a0\u00bblight\u00a0\u00bb text_larger=\u00a0\u00bbno\u00a0\u00bb css=\u00a0\u00bb.vc_custom_1667252834636{padding-right: 10% !important;}\u00a0\u00bb woodmart_inline=\u00a0\u00bbno\u00a0\u00bb]<\/p>\n<div style=\"color: #2d2a2a;\">\n<p>&nbsp;<\/p>\n<p>Si vous avez des questions, n\u2019h\u00e9sitez pas \u00e0 nous appeler ou \u00e0 nous envoyer un e-mail. Nous nous ferons un plaisir de vous aider et de vous conseiller de mani\u00e8re comp\u00e9tente sur l\u2019utilisation optimale de l\u2019espace avec des meubles intelligents.<\/p>\n<p>Nous sommes toujours \u00e0 la recherche d\u2019un emplacement appropri\u00e9 pour une salle d\u2019exposition. D\u2019ici l\u00e0, vous trouverez notre assortiment dans notre boutique en ligne. Pour plus d\u2019inspiration et de mises \u00e0 jour, vous pouvez nous suivre sur Facebook.<\/p>\n<p>\u00c9quipe<br \/>\nSpacesaver.ch<\/div>\n<p>[\/vc_column_text][\/vc_column][\/vc_row][vc_section content_placement=\u00a0\u00bbtop\u00a0\u00bb css=\u00a0\u00bb.vc_custom_1590484148289{margin-top: -100px !important;padding-top: 50px !important;padding-right: 7% !important;padding-left: 7% !important;background-color: #ffffff !important;}\u00a0\u00bb el_class=\u00a0\u00bbposition-relative z-index-h\u00a0\u00bb mobile_bg_img_hidden=\u00a0\u00bbno\u00a0\u00bb tablet_bg_img_hidden=\u00a0\u00bbno\u00a0\u00bb woodmart_parallax=\u00a0\u00bb0&Prime; woodmart_gradient_switch=\u00a0\u00bbno\u00a0\u00bb woodmart_disable_overflow=\u00a0\u00bb0&Prime;][vc_row css=\u00a0\u00bb.vc_custom_1590485195185{padding-top: 5vh !important;padding-bottom: 5vh !important;}\u00a0\u00bb mobile_bg_img_hidden=\u00a0\u00bbno\u00a0\u00bb tablet_bg_img_hidden=\u00a0\u00bbno\u00a0\u00bb woodmart_parallax=\u00a0\u00bb0&Prime; woodmart_gradient_switch=\u00a0\u00bbno\u00a0\u00bb row_reverse_mobile=\u00a0\u00bb0&Prime; row_reverse_tablet=\u00a0\u00bb0&Prime; woodmart_disable_overflow=\u00a0\u00bb0&Prime;][vc_column width=\u00a0\u00bb1\/4&Prime;]\t\t\t<div class=\"woodmart-counter wd-wpb  wd-rs-5ecce03f00e46 counter-extra-large text-center color-scheme- \" id=\"wd-5ecce03f00e46\">\n\t\t\t\t<div class=\"counter-value wd-font-weight-600\" data-state=\"new\" data-final=\"258\">258<\/div>\n\t\t\t\t\t\t\t\t\t<div class=\"counter-label\">CLIENTS SATISFAITS<\/div>\n\t\t\t\t\t\t\t\t\t\t\t<\/div>\n\n\t\t[\/vc_column][vc_column width=\u00a0\u00bb1\/4&Prime;]\t\t\t<div class=\"woodmart-counter wd-wpb  wd-rs-5ecce0443aba7 counter-extra-large text-center color-scheme- \" id=\"wd-5ecce0443aba7\">\n\t\t\t\t<div class=\"counter-value wd-font-weight-600\" data-state=\"new\" data-final=\"26\">26<\/div>\n\t\t\t\t\t\t\t\t\t<div class=\"counter-label\">VARIANTES DE LIT<\/div>\n\t\t\t\t\t\t\t\t\t\t\t<\/div>\n\n\t\t[\/vc_column][vc_column width=\u00a0\u00bb1\/4&Prime;]\t\t\t<div class=\"woodmart-counter wd-wpb  wd-rs-5ecce0487a1b9 counter-extra-large text-center color-scheme- \" id=\"wd-5ecce0487a1b9\">\n\t\t\t\t<div class=\"counter-value wd-font-weight-600\" data-state=\"new\" data-final=\"63\">63<\/div>\n\t\t\t\t\t\t\t\t\t<div class=\"counter-label\">ASSEMBLAGES FINIS<\/div>\n\t\t\t\t\t\t\t\t\t\t\t<\/div>\n\n\t\t[\/vc_column][vc_column width=\u00a0\u00bb1\/4&Prime;]\t\t\t<div class=\"woodmart-counter wd-wpb  wd-rs-5ecce04d09f88 counter-extra-large text-center color-scheme- \" id=\"wd-5ecce04d09f88\">\n\t\t\t\t<div class=\"counter-value wd-font-weight-600\" data-state=\"new\" data-final=\"5\">5<\/div>\n\t\t\t\t\t\t\t\t\t<div class=\"counter-label\">PERSONNES DANS L\u2019\u00c9QUIPE<\/div>\n\t\t\t\t\t\t\t\t\t\t\t<\/div>\n\n\t\t[\/vc_column][\/vc_row][vc_row][vc_column][vc_empty_space height=\u00a0\u00bb52px\u00a0\u00bb woodmart_hide_large=\u00a0\u00bb0&Prime; woodmart_hide_medium=\u00a0\u00bb0&Prime; woodmart_hide_small=\u00a0\u00bb0&Prime; woodmart_hide_extra_small=\u00a0\u00bb0&Prime;]\n\t\t<div id=\"wd-5f5232b845bed\" class=\"title-wrapper wd-wpb set-mb-s reset-last-child  wd-rs-5f5232b845bed wd-title-color-default wd-title-style-default text-center  wd-width-enabled wd-underline-colored\" style=\"--wd-max-width: 90%;\">\n\t\t\t\n\t\t\t<div class=\"liner-continer\">\n\t\t\t\t<h2 class=\"woodmart-title-container title  wd-font-weight-700 wd-fontsize-xxl\" >NOTRE \u00c9QUIPE<\/h2>\n\t\t\t\t\t\t\t<\/div>\n\t\t\t\n\t\t\t\t\t\t\t<div class=\"title-after_title  set-cont-mb-s reset-last-child  wd-fontsize-s\">Nous sommes une \u00e9quipe professionnelle qui s\u2019occupe de tout, du conseil \u00e0 votre achat et \u00e0 votre montage.<\/div>\n\t\t\t\n\t\t\t\n\t\t<\/div>\n\t\t\n\t\t[\/vc_column][\/vc_row][vc_row css=\u00a0\u00bb.vc_custom_1490350549168{margin-bottom: 5vh !important;}\u00a0\u00bb][vc_column width=\u00a0\u00bb1\/5&Prime; mobile_bg_img_hidden=\u00a0\u00bbno\u00a0\u00bb tablet_bg_img_hidden=\u00a0\u00bbno\u00a0\u00bb woodmart_parallax=\u00a0\u00bb0&Prime; woodmart_sticky_column=\u00a0\u00bbfalse\u00a0\u00bb parallax_scroll=\u00a0\u00bbno\u00a0\u00bb mobile_reset_margin=\u00a0\u00bbno\u00a0\u00bb tablet_reset_margin=\u00a0\u00bbno\u00a0\u00bb]<div class=\"team-member wd-wpb text-center  member-layout-default\"><div class=\"member-image-wrapper\"><div class=\"member-image\"><img decoding=\"async\" class=\"team-member-avatar-image \" src=\"https:\/\/spacesaver.ch\/wp-content\/uploads\/2020\/07\/lubo-400x400.jpg\" width=\"400\" height=\"400\" alt=\"lubo\" title=\"lubo\" loading=\"lazy\" \/><\/div><\/div><div class=\"member-details\"><h4 class=\"member-name\">Lubo<\/h4><span class=\"member-position\">Raccords<\/span><\/div><\/div>[\/vc_column][vc_column width=\u00a0\u00bb1\/5&Prime; mobile_bg_img_hidden=\u00a0\u00bbno\u00a0\u00bb tablet_bg_img_hidden=\u00a0\u00bbno\u00a0\u00bb woodmart_parallax=\u00a0\u00bb0&Prime; woodmart_sticky_column=\u00a0\u00bbfalse\u00a0\u00bb parallax_scroll=\u00a0\u00bbno\u00a0\u00bb mobile_reset_margin=\u00a0\u00bbno\u00a0\u00bb tablet_reset_margin=\u00a0\u00bbno\u00a0\u00bb]<div class=\"team-member wd-wpb text-center  member-layout-default\"><div class=\"member-image-wrapper\"><div class=\"member-image\"><img decoding=\"async\" class=\"team-member-avatar-image \" src=\"https:\/\/spacesaver.ch\/wp-content\/uploads\/2020\/08\/DSC_1695_PS2-400x400.jpg\" width=\"400\" height=\"400\" alt=\"DSC_1695_PS2\" title=\"DSC_1695_PS2\" loading=\"lazy\" \/><\/div><\/div><div class=\"member-details\"><h4 class=\"member-name\">Piero<\/h4><span class=\"member-position\">Raccords<\/span><\/div><\/div>[\/vc_column][vc_column width=\u00a0\u00bb1\/5&Prime; mobile_bg_img_hidden=\u00a0\u00bbno\u00a0\u00bb tablet_bg_img_hidden=\u00a0\u00bbno\u00a0\u00bb woodmart_parallax=\u00a0\u00bb0&Prime; woodmart_sticky_column=\u00a0\u00bbfalse\u00a0\u00bb parallax_scroll=\u00a0\u00bbno\u00a0\u00bb mobile_reset_margin=\u00a0\u00bbno\u00a0\u00bb tablet_reset_margin=\u00a0\u00bbno\u00a0\u00bb]<div class=\"team-member wd-wpb text-center  member-layout-default\"><div class=\"member-image-wrapper\"><div class=\"member-image\"><img decoding=\"async\" class=\"team-member-avatar-image \" src=\"https:\/\/spacesaver.ch\/wp-content\/uploads\/2020\/08\/Profilovka2-400x400.jpg\" width=\"400\" height=\"400\" alt=\"Profilovka2\" title=\"Profilovka2\" loading=\"lazy\" \/><\/div><\/div><div class=\"member-details\"><h4 class=\"member-name\">Martin<\/h4><span class=\"member-position\">Conseils en mati\u00e8re de logement | Livraison et montage | Des produits sur mesure<\/span><\/div><\/div>[\/vc_column][vc_column width=\u00a0\u00bb1\/5&Prime;]<div class=\"team-member wd-wpb text-center  member-layout-default\"><div class=\"member-image-wrapper\"><div class=\"member-image\"><img decoding=\"async\" class=\"team-member-avatar-image \" src=\"https:\/\/spacesaver.ch\/wp-content\/uploads\/2020\/07\/anna-400x400.jpg\" width=\"400\" height=\"400\" alt=\"anna\" title=\"anna\" loading=\"lazy\" \/><\/div><\/div><div class=\"member-details\"><h4 class=\"member-name\">Anna<\/h4><span class=\"member-position\">F\u00e9e des m\u00e9dias sociaux | Administration<\/span><div class=\"member-bio\"><a href=\"mailto:anna.macejko@spacesaver.ch\">anna.macejko@spacesaver.ch<\/a><\/div><\/div><\/div>[\/vc_column][vc_column width=\u00a0\u00bb1\/5&Prime;]<div class=\"team-member wd-wpb text-center  member-layout-default\"><div class=\"member-image-wrapper\"><div class=\"member-image\"><img decoding=\"async\" class=\"team-member-avatar-image \" src=\"https:\/\/spacesaver.ch\/wp-content\/uploads\/2021\/10\/unnamed-400x400.jpg\" width=\"400\" height=\"400\" alt=\"unnamed\" title=\"unnamed\" loading=\"lazy\" \/><\/div><\/div><div class=\"member-details\"><h4 class=\"member-name\">Mirka<\/h4><span class=\"member-position\">Gestionnaire de bureau<\/span><div class=\"member-bio\"><a href=\"mailto:office@spacesaver.ch\">office@spacesaver.ch<\/a><\/div><\/div><\/div>[\/vc_column][\/vc_row][\/vc_section]<\/p>\n<\/div>","protected":false},"excerpt":{"rendered":"<p>[vc_row content_placement=\u00a0\u00bbmiddle\u00a0\u00bb css=\u00a0\u00bb.vc_custom_1686822393853{padding-top: 15vh !important;}\u00a0\u00bb mobile_bg_img_hidden=\u00a0\u00bbno\u00a0\u00bb tablet_bg_img_hidden=\u00a0\u00bbno\u00a0\u00bb woodmart_parallax=\u00a0\u00bb0&Prime; woodmart_gradient_switch=\u00a0\u00bbno\u00a0\u00bb row_reverse_mobile=\u00a0\u00bb0&Prime; row_reverse_tablet=\u00a0\u00bb0&Prime; woodmart_disable_overflow=\u00a0\u00bb0&Prime; woodmart_css_id=\u00a0\u00bb648addee14969&Prime; responsive_spacing=\u00a0\u00bbeyJwYXJhbV90eXBlIjoid29vZG1hcnRfcmVzcG9uc2l2ZV9zcGFjaW5nIiwic2VsZWN0b3JfaWQiOiI2NDhhZGRlZTE0OTY5Iiwic2hvcnRjb2RlIjoidmNfcm93IiwiZGF0YSI6eyJ0YWJsZXQiOnt9LCJtb2JpbGUiOnt9fX0=\u00a0\u00bb woodmart_box_shadow=\u00a0\u00bbno\u00a0\u00bb wd_z_index=\u00a0\u00bbno\u00a0\u00bb][vc_column width=\u00a0\u00bb1\/2&Prime;][vc_column_text woodmart_color_scheme=\u00a0\u00bblight\u00a0\u00bb text_larger=\u00a0\u00bbno\u00a0\u00bb css=\u00a0\u00bb.vc_custom_1594377516515{padding-right:<\/p>\n","protected":false},"author":90,"featured_media":0,"parent":0,"menu_order":0,"comment_status":"closed","ping_status":"closed","template":"","meta":{"_acf_changed":false,"footnotes":""},"class_list":["post-26741","page","type-page","status-publish","hentry"],"acf":[],"yoast_head":"<!-- This site is optimized with the Yoast SEO plugin v26.4 - https:\/\/yoast.com\/wordpress\/plugins\/seo\/ -->\n<title>Pourquoi Spacesaver | Spacesaver<\/title>\n<meta name=\"description\" content=\"Dans notre boutique en ligne, nous vous proposons des lits intelligents. Nous proposons la livraison dans toute la Suisse. Qualit\u00e9 sup\u00e9rieure et service professionnel.\" \/>\n<meta name=\"robots\" content=\"index, follow, max-snippet:-1, max-image-preview:large, max-video-preview:-1\" \/>\n<link rel=\"canonical\" href=\"https:\/\/spacesaver.ch\/fr\/pourquoi-nous\/\" \/>\n<meta property=\"og:locale\" content=\"fr_FR\" \/>\n<meta property=\"og:type\" content=\"article\" \/>\n<meta property=\"og:title\" content=\"Pourquoi Spacesaver | Spacesaver\" \/>\n<meta property=\"og:description\" content=\"Dans notre boutique en ligne, nous vous proposons des lits intelligents. Nous proposons la livraison dans toute la Suisse. Qualit\u00e9 sup\u00e9rieure et service professionnel.\" \/>\n<meta property=\"og:url\" content=\"https:\/\/spacesaver.ch\/fr\/pourquoi-nous\/\" \/>\n<meta property=\"og:site_name\" content=\"Spacesaver\" \/>\n<meta property=\"article:modified_time\" content=\"2023-11-16T14:24:37+00:00\" \/>\n<meta name=\"twitter:card\" content=\"summary_large_image\" \/>\n<meta name=\"twitter:label1\" content=\"Dur\u00e9e de lecture estim\u00e9e\" \/>\n\t<meta name=\"twitter:data1\" content=\"5 minutes\" \/>\n<script type=\"application\/ld+json\" class=\"yoast-schema-graph\">{\"@context\":\"https:\/\/schema.org\",\"@graph\":[{\"@type\":\"WebPage\",\"@id\":\"https:\/\/spacesaver.ch\/fr\/pourquoi-nous\/\",\"url\":\"https:\/\/spacesaver.ch\/fr\/pourquoi-nous\/\",\"name\":\"Pourquoi Spacesaver | Spacesaver\",\"isPartOf\":{\"@id\":\"https:\/\/spacesaver.ch\/fr\/#website\"},\"datePublished\":\"2020-03-23T19:04:12+00:00\",\"dateModified\":\"2023-11-16T14:24:37+00:00\",\"description\":\"Dans notre boutique en ligne, nous vous proposons des lits intelligents. Nous proposons la livraison dans toute la Suisse. Qualit\u00e9 sup\u00e9rieure et service professionnel.\",\"breadcrumb\":{\"@id\":\"https:\/\/spacesaver.ch\/fr\/pourquoi-nous\/#breadcrumb\"},\"inLanguage\":\"fr-FR\",\"potentialAction\":[{\"@type\":\"ReadAction\",\"target\":[\"https:\/\/spacesaver.ch\/fr\/pourquoi-nous\/\"]}]},{\"@type\":\"BreadcrumbList\",\"@id\":\"https:\/\/spacesaver.ch\/fr\/pourquoi-nous\/#breadcrumb\",\"itemListElement\":[{\"@type\":\"ListItem\",\"position\":1,\"name\":\"Home\",\"item\":\"https:\/\/spacesaver.ch\/fr\/\"},{\"@type\":\"ListItem\",\"position\":2,\"name\":\"Pourquoi nous\"}]},{\"@type\":\"WebSite\",\"@id\":\"https:\/\/spacesaver.ch\/fr\/#website\",\"url\":\"https:\/\/spacesaver.ch\/fr\/\",\"name\":\"Spacesaver\",\"description\":\"\",\"publisher\":{\"@id\":\"https:\/\/spacesaver.ch\/fr\/#organization\"},\"potentialAction\":[{\"@type\":\"SearchAction\",\"target\":{\"@type\":\"EntryPoint\",\"urlTemplate\":\"https:\/\/spacesaver.ch\/fr\/?s={search_term_string}\"},\"query-input\":{\"@type\":\"PropertyValueSpecification\",\"valueRequired\":true,\"valueName\":\"search_term_string\"}}],\"inLanguage\":\"fr-FR\"},{\"@type\":\"Organization\",\"@id\":\"https:\/\/spacesaver.ch\/fr\/#organization\",\"name\":\"Spacesaver | Schrankbetten\",\"url\":\"https:\/\/spacesaver.ch\/fr\/\",\"logo\":{\"@type\":\"ImageObject\",\"inLanguage\":\"fr-FR\",\"@id\":\"https:\/\/spacesaver.ch\/fr\/#\/schema\/logo\/image\/\",\"url\":\"https:\/\/spacesaver.ch\/wp-content\/uploads\/2020\/03\/cropped-logo_space.png\",\"contentUrl\":\"https:\/\/spacesaver.ch\/wp-content\/uploads\/2020\/03\/cropped-logo_space.png\",\"width\":500,\"height\":281,\"caption\":\"Spacesaver | Schrankbetten\"},\"image\":{\"@id\":\"https:\/\/spacesaver.ch\/fr\/#\/schema\/logo\/image\/\"}}]}<\/script>\n<!-- \/ Yoast SEO plugin. -->","yoast_head_json":{"title":"Pourquoi Spacesaver | Spacesaver","description":"Dans notre boutique en ligne, nous vous proposons des lits intelligents. Nous proposons la livraison dans toute la Suisse. Qualit\u00e9 sup\u00e9rieure et service professionnel.","robots":{"index":"index","follow":"follow","max-snippet":"max-snippet:-1","max-image-preview":"max-image-preview:large","max-video-preview":"max-video-preview:-1"},"canonical":"https:\/\/spacesaver.ch\/fr\/pourquoi-nous\/","og_locale":"fr_FR","og_type":"article","og_title":"Pourquoi Spacesaver | Spacesaver","og_description":"Dans notre boutique en ligne, nous vous proposons des lits intelligents. Nous proposons la livraison dans toute la Suisse. Qualit\u00e9 sup\u00e9rieure et service professionnel.","og_url":"https:\/\/spacesaver.ch\/fr\/pourquoi-nous\/","og_site_name":"Spacesaver","article_modified_time":"2023-11-16T14:24:37+00:00","twitter_card":"summary_large_image","twitter_misc":{"Dur\u00e9e de lecture estim\u00e9e":"5 minutes"},"schema":{"@context":"https:\/\/schema.org","@graph":[{"@type":"WebPage","@id":"https:\/\/spacesaver.ch\/fr\/pourquoi-nous\/","url":"https:\/\/spacesaver.ch\/fr\/pourquoi-nous\/","name":"Pourquoi Spacesaver | Spacesaver","isPartOf":{"@id":"https:\/\/spacesaver.ch\/fr\/#website"},"datePublished":"2020-03-23T19:04:12+00:00","dateModified":"2023-11-16T14:24:37+00:00","description":"Dans notre boutique en ligne, nous vous proposons des lits intelligents. Nous proposons la livraison dans toute la Suisse. Qualit\u00e9 sup\u00e9rieure et service professionnel.","breadcrumb":{"@id":"https:\/\/spacesaver.ch\/fr\/pourquoi-nous\/#breadcrumb"},"inLanguage":"fr-FR","potentialAction":[{"@type":"ReadAction","target":["https:\/\/spacesaver.ch\/fr\/pourquoi-nous\/"]}]},{"@type":"BreadcrumbList","@id":"https:\/\/spacesaver.ch\/fr\/pourquoi-nous\/#breadcrumb","itemListElement":[{"@type":"ListItem","position":1,"name":"Home","item":"https:\/\/spacesaver.ch\/fr\/"},{"@type":"ListItem","position":2,"name":"Pourquoi nous"}]},{"@type":"WebSite","@id":"https:\/\/spacesaver.ch\/fr\/#website","url":"https:\/\/spacesaver.ch\/fr\/","name":"Spacesaver","description":"","publisher":{"@id":"https:\/\/spacesaver.ch\/fr\/#organization"},"potentialAction":[{"@type":"SearchAction","target":{"@type":"EntryPoint","urlTemplate":"https:\/\/spacesaver.ch\/fr\/?s={search_term_string}"},"query-input":{"@type":"PropertyValueSpecification","valueRequired":true,"valueName":"search_term_string"}}],"inLanguage":"fr-FR"},{"@type":"Organization","@id":"https:\/\/spacesaver.ch\/fr\/#organization","name":"Spacesaver | Schrankbetten","url":"https:\/\/spacesaver.ch\/fr\/","logo":{"@type":"ImageObject","inLanguage":"fr-FR","@id":"https:\/\/spacesaver.ch\/fr\/#\/schema\/logo\/image\/","url":"https:\/\/spacesaver.ch\/wp-content\/uploads\/2020\/03\/cropped-logo_space.png","contentUrl":"https:\/\/spacesaver.ch\/wp-content\/uploads\/2020\/03\/cropped-logo_space.png","width":500,"height":281,"caption":"Spacesaver | Schrankbetten"},"image":{"@id":"https:\/\/spacesaver.ch\/fr\/#\/schema\/logo\/image\/"}}]}},"jetpack_sharing_enabled":true,"_links":{"self":[{"href":"https:\/\/spacesaver.ch\/fr\/wp-json\/wp\/v2\/pages\/26741","targetHints":{"allow":["GET"]}}],"collection":[{"href":"https:\/\/spacesaver.ch\/fr\/wp-json\/wp\/v2\/pages"}],"about":[{"href":"https:\/\/spacesaver.ch\/fr\/wp-json\/wp\/v2\/types\/page"}],"author":[{"embeddable":true,"href":"https:\/\/spacesaver.ch\/fr\/wp-json\/wp\/v2\/users\/90"}],"replies":[{"embeddable":true,"href":"https:\/\/spacesaver.ch\/fr\/wp-json\/wp\/v2\/comments?post=26741"}],"version-history":[{"count":7,"href":"https:\/\/spacesaver.ch\/fr\/wp-json\/wp\/v2\/pages\/26741\/revisions"}],"predecessor-version":[{"id":27020,"href":"https:\/\/spacesaver.ch\/fr\/wp-json\/wp\/v2\/pages\/26741\/revisions\/27020"}],"wp:attachment":[{"href":"https:\/\/spacesaver.ch\/fr\/wp-json\/wp\/v2\/media?parent=26741"}],"curies":[{"name":"wp","href":"https:\/\/api.w.org\/{rel}","templated":true}]}}