{"id":26730,"date":"2020-06-26T15:40:17","date_gmt":"2020-06-26T13:40:17","guid":{"rendered":"https:\/\/spacesaver.ch\/paiement\/"},"modified":"2023-11-16T15:24:25","modified_gmt":"2023-11-16T14:24:25","slug":"paiement","status":"publish","type":"page","link":"https:\/\/spacesaver.ch\/fr\/paiement\/","title":{"rendered":"Paiement"},"content":{"rendered":"<div class=\"wpb-content-wrapper\"><p>[vc_row css=\u00a0\u00bb.vc_custom_1681474930398{background-position: center !important;background-repeat: no-repeat !important;background-size: contain !important;}\u00a0\u00bb mobile_bg_img_hidden=\u00a0\u00bbno\u00a0\u00bb tablet_bg_img_hidden=\u00a0\u00bbno\u00a0\u00bb woodmart_parallax=\u00a0\u00bb0&Prime; woodmart_gradient_switch=\u00a0\u00bbno\u00a0\u00bb row_reverse_mobile=\u00a0\u00bb0&Prime; row_reverse_tablet=\u00a0\u00bb0&Prime; woodmart_disable_overflow=\u00a0\u00bb0&Prime; woodmart_css_id=\u00a0\u00bb6439456a8b592&Prime; responsive_spacing=\u00a0\u00bbeyJwYXJhbV90eXBlIjoid29vZG1hcnRfcmVzcG9uc2l2ZV9zcGFjaW5nIiwic2VsZWN0b3JfaWQiOiI2NDM5NDU2YThiNTkyIiwic2hvcnRjb2RlIjoidmNfcm93IiwiZGF0YSI6eyJ0YWJsZXQiOnt9LCJtb2JpbGUiOnt9fX0=\u00a0\u00bb woodmart_box_shadow=\u00a0\u00bbno\u00a0\u00bb wd_z_index=\u00a0\u00bbno\u00a0\u00bb][vc_column woodmart_color_scheme=\u00a0\u00bbdark\u00a0\u00bb mobile_bg_img_hidden=\u00a0\u00bbno\u00a0\u00bb tablet_bg_img_hidden=\u00a0\u00bbno\u00a0\u00bb woodmart_parallax=\u00a0\u00bb0&Prime; woodmart_sticky_column=\u00a0\u00bbfalse\u00a0\u00bb parallax_scroll=\u00a0\u00bbno\u00a0\u00bb mobile_reset_margin=\u00a0\u00bbno\u00a0\u00bb tablet_reset_margin=\u00a0\u00bbno\u00a0\u00bb]\n\t\t<div id=\"wd-6212a912acae6\" class=\"title-wrapper wd-wpb set-mb-s reset-last-child  wd-rs-6212a912acae6 wd-title-color-white wd-title-style-default text-left  wd-width-enabled wd-underline-colored\" style=\"--wd-max-width: 90%;\">\n\t\t\t\n\t\t\t<div class=\"liner-continer\">\n\t\t\t\t<h1 class=\"woodmart-title-container title  wd-font-weight-700 wd-fontsize-xxl\" >Paiement<\/h1>\n\t\t\t\t\t\t\t<\/div>\n\t\t\t\n\t\t\t\n\t\t\t\n\t\t<\/div>\n\t\t\n\t\t[vc_column_text woodmart_color_scheme=\u00a0\u00bbdark\u00a0\u00bb text_larger=\u00a0\u00bbno\u00a0\u00bb css=\u00a0\u00bb.vc_custom_1645390205574{padding-right: 10% !important;}\u00a0\u00bb woodmart_inline=\u00a0\u00bbno\u00a0\u00bb]Votre confort est important pour nous, c\u2019est pourquoi nous vous proposons plusieurs options de paiement :<\/p>\n<p><strong><u>Cartes de cr\u00e9dit<\/u><\/strong>[\/vc_column_text][vc_row_inner content_placement=\u00a0\u00bbmiddle\u00a0\u00bb row_reverse_mobile=\u00a0\u00bb0&Prime; row_reverse_tablet=\u00a0\u00bb0&Prime;][vc_column_inner width=\u00a0\u00bb1\/6&Prime;][vc_single_image image=\u00a0\u00bb12128&Prime; img_size=\u00a0\u00bbfull\u00a0\u00bb woodmart_inline=\u00a0\u00bbno\u00a0\u00bb parallax_scroll=\u00a0\u00bbno\u00a0\u00bb][\/vc_column_inner][vc_column_inner width=\u00a0\u00bb5\/6&Prime;][vc_column_text woodmart_inline=\u00a0\u00bbno\u00a0\u00bb text_larger=\u00a0\u00bbno\u00a0\u00bb]Carte VISA en ligne via l\u2019interface Saferpay[\/vc_column_text][\/vc_column_inner][\/vc_row_inner][vc_row_inner content_placement=\u00a0\u00bbmiddle\u00a0\u00bb row_reverse_mobile=\u00a0\u00bb0&Prime; row_reverse_tablet=\u00a0\u00bb0&Prime; css=\u00a0\u00bb.vc_custom_1645390422609{padding-bottom: 10px !important;}\u00a0\u00bb][vc_column_inner width=\u00a0\u00bb1\/6&Prime;][vc_single_image image=\u00a0\u00bb12131&Prime; img_size=\u00a0\u00bbfull\u00a0\u00bb woodmart_inline=\u00a0\u00bbno\u00a0\u00bb parallax_scroll=\u00a0\u00bbno\u00a0\u00bb][\/vc_column_inner][vc_column_inner width=\u00a0\u00bb5\/6&Prime;][vc_column_text woodmart_inline=\u00a0\u00bbno\u00a0\u00bb text_larger=\u00a0\u00bbno\u00a0\u00bb]Carte MasterCard en ligne via l\u2019interface Saferpay[\/vc_column_text][\/vc_column_inner][\/vc_row_inner][vc_row_inner content_placement=\u00a0\u00bbmiddle\u00a0\u00bb row_reverse_mobile=\u00a0\u00bb0&Prime; row_reverse_tablet=\u00a0\u00bb0&Prime;][vc_column_inner width=\u00a0\u00bb1\/6&Prime;][vc_single_image image=\u00a0\u00bb12132&Prime; img_size=\u00a0\u00bbfull\u00a0\u00bb woodmart_inline=\u00a0\u00bbno\u00a0\u00bb parallax_scroll=\u00a0\u00bbno\u00a0\u00bb][\/vc_column_inner][vc_column_inner width=\u00a0\u00bb5\/6&Prime;][vc_column_text woodmart_inline=\u00a0\u00bbno\u00a0\u00bb text_larger=\u00a0\u00bbno\u00a0\u00bb]Carte PostFinance en ligne via l\u2019interface Saferpay[\/vc_column_text][\/vc_column_inner][\/vc_row_inner][vc_column_text woodmart_inline=\u00a0\u00bbno\u00a0\u00bb text_larger=\u00a0\u00bbno\u00a0\u00bb css=\u00a0\u00bb.vc_custom_1645391790752{margin-top: 30px !important;}\u00a0\u00bb]<strong><u>PostFinance E-Finance<\/u><\/strong>[\/vc_column_text][vc_row_inner content_placement=\u00a0\u00bbmiddle\u00a0\u00bb row_reverse_mobile=\u00a0\u00bb0&Prime; row_reverse_tablet=\u00a0\u00bb0&Prime;][vc_column_inner width=\u00a0\u00bb1\/6&Prime;][vc_single_image image=\u00a0\u00bb12133&Prime; img_size=\u00a0\u00bbfull\u00a0\u00bb woodmart_inline=\u00a0\u00bbno\u00a0\u00bb parallax_scroll=\u00a0\u00bbno\u00a0\u00bb][\/vc_column_inner][\/vc_row_inner][vc_column_text woodmart_inline=\u00a0\u00bbno\u00a0\u00bb text_larger=\u00a0\u00bbno\u00a0\u00bb css=\u00a0\u00bb.vc_custom_1645391798361{margin-top: 30px !important;}\u00a0\u00bb]<strong><u>Twint<\/u><\/strong>[\/vc_column_text][vc_row_inner content_placement=\u00a0\u00bbmiddle\u00a0\u00bb row_reverse_mobile=\u00a0\u00bb0&Prime; row_reverse_tablet=\u00a0\u00bb0&Prime;][vc_column_inner width=\u00a0\u00bb1\/6&Prime;][vc_single_image image=\u00a0\u00bb12134&Prime; img_size=\u00a0\u00bbfull\u00a0\u00bb woodmart_inline=\u00a0\u00bbno\u00a0\u00bb parallax_scroll=\u00a0\u00bbno\u00a0\u00bb][\/vc_column_inner][vc_column_inner width=\u00a0\u00bb5\/6&Prime;][vc_column_text woodmart_inline=\u00a0\u00bbno\u00a0\u00bb text_larger=\u00a0\u00bbno\u00a0\u00bb]Twint en ligne via l\u2019interface Saferpay[\/vc_column_text][\/vc_column_inner][\/vc_row_inner][vc_column_text woodmart_inline=\u00a0\u00bbno\u00a0\u00bb text_larger=\u00a0\u00bbno\u00a0\u00bb css=\u00a0\u00bb.vc_custom_1645391804334{margin-top: 30px !important;}\u00a0\u00bb]<strong><u>Apple Pay<\/u><\/strong>[\/vc_column_text][vc_row_inner content_placement=\u00a0\u00bbmiddle\u00a0\u00bb row_reverse_mobile=\u00a0\u00bb0&Prime; row_reverse_tablet=\u00a0\u00bb0&Prime;][vc_column_inner width=\u00a0\u00bb1\/6&Prime;][vc_single_image image=\u00a0\u00bb12135&Prime; img_size=\u00a0\u00bbfull\u00a0\u00bb woodmart_inline=\u00a0\u00bbno\u00a0\u00bb parallax_scroll=\u00a0\u00bbno\u00a0\u00bb][\/vc_column_inner][vc_column_inner width=\u00a0\u00bb5\/6&Prime;][vc_column_text woodmart_inline=\u00a0\u00bbno\u00a0\u00bb text_larger=\u00a0\u00bbno\u00a0\u00bb]Apple Pay[\/vc_column_text][\/vc_column_inner][\/vc_row_inner][vc_column_text woodmart_inline=\u00a0\u00bbno\u00a0\u00bb text_larger=\u00a0\u00bbno\u00a0\u00bb css=\u00a0\u00bb.vc_custom_1645391810950{margin-top: 30px !important;}\u00a0\u00bb]<strong><u>PayPal<\/u><\/strong>[\/vc_column_text][vc_row_inner content_placement=\u00a0\u00bbmiddle\u00a0\u00bb row_reverse_mobile=\u00a0\u00bb0&Prime; row_reverse_tablet=\u00a0\u00bb0&Prime;][vc_column_inner width=\u00a0\u00bb1\/6&Prime;][vc_single_image image=\u00a0\u00bb12136&Prime; img_size=\u00a0\u00bbfull\u00a0\u00bb woodmart_inline=\u00a0\u00bbno\u00a0\u00bb parallax_scroll=\u00a0\u00bbno\u00a0\u00bb][\/vc_column_inner][vc_column_inner width=\u00a0\u00bb5\/6&Prime;][vc_column_text woodmart_inline=\u00a0\u00bbno\u00a0\u00bb text_larger=\u00a0\u00bbno\u00a0\u00bb]PayPal[\/vc_column_text][\/vc_column_inner][\/vc_row_inner][vc_column_text woodmart_inline=\u00a0\u00bbno\u00a0\u00bb text_larger=\u00a0\u00bbno\u00a0\u00bb css=\u00a0\u00bb.vc_custom_1645391816856{margin-top: 30px !important;}\u00a0\u00bb]<strong><u>Paiement direct sur un compte bancaire<\/u><\/strong>[\/vc_column_text][vc_row_inner content_placement=\u00a0\u00bbmiddle\u00a0\u00bb row_reverse_mobile=\u00a0\u00bb0&Prime; row_reverse_tablet=\u00a0\u00bb0&Prime;][vc_column_inner width=\u00a0\u00bb1\/6&Prime;][vc_single_image image=\u00a0\u00bb12137&Prime; img_size=\u00a0\u00bbfull\u00a0\u00bb woodmart_inline=\u00a0\u00bbno\u00a0\u00bb parallax_scroll=\u00a0\u00bbno\u00a0\u00bb][\/vc_column_inner][vc_column_inner width=\u00a0\u00bb5\/6&Prime;][vc_column_text woodmart_inline=\u00a0\u00bbno\u00a0\u00bb text_larger=\u00a0\u00bbno\u00a0\u00bb]Apr\u00e8s avoir soumis votre commande, veuillez envoyer votre paiement directement sur notre compte bancaire. Utilisez votre num\u00e9ro de commande pour identifier votre paiement. La commande ferme ne sera pass\u00e9e qu\u2019apr\u00e8s paiement et r\u00e9ception du paiement sur notre compte bancaire.[\/vc_column_text][\/vc_column_inner][\/vc_row_inner][vc_column_text woodmart_inline=\u00a0\u00bbno\u00a0\u00bb text_larger=\u00a0\u00bbno\u00a0\u00bb css=\u00a0\u00bb.vc_custom_1645391822918{margin-top: 30px !important;}\u00a0\u00bb]<strong><u>Paiement comptant \u00e0 la livraison<\/u><\/strong>[\/vc_column_text][vc_row_inner content_placement=\u00a0\u00bbmiddle\u00a0\u00bb row_reverse_mobile=\u00a0\u00bb0&Prime; row_reverse_tablet=\u00a0\u00bb0&Prime;][vc_column_inner width=\u00a0\u00bb1\/6&Prime;][vc_single_image image=\u00a0\u00bb12138&Prime; img_size=\u00a0\u00bbfull\u00a0\u00bb woodmart_inline=\u00a0\u00bbno\u00a0\u00bb parallax_scroll=\u00a0\u00bbno\u00a0\u00bb][\/vc_column_inner][vc_column_inner width=\u00a0\u00bb5\/6&Prime;][vc_column_text woodmart_inline=\u00a0\u00bbno\u00a0\u00bb text_larger=\u00a0\u00bbno\u00a0\u00bb]En cas de livraison ou de montage, vous payez votre commande au comptant \u00e0 la date de livraison ou d\u2019installation convenue. Dans le cas d\u2019un retrait en libre-service, vous payez le jour de l\u2019enl\u00e8vement.[\/vc_column_text][\/vc_column_inner][\/vc_row_inner][\/vc_column][\/vc_row]<\/p>\n<\/div>","protected":false},"excerpt":{"rendered":"<p>[vc_row css=\u00a0\u00bb.vc_custom_1681474930398{background-position: center !important;background-repeat: no-repeat !important;background-size: contain !important;}\u00a0\u00bb mobile_bg_img_hidden=\u00a0\u00bbno\u00a0\u00bb tablet_bg_img_hidden=\u00a0\u00bbno\u00a0\u00bb woodmart_parallax=\u00a0\u00bb0&Prime; woodmart_gradient_switch=\u00a0\u00bbno\u00a0\u00bb row_reverse_mobile=\u00a0\u00bb0&Prime; row_reverse_tablet=\u00a0\u00bb0&Prime; woodmart_disable_overflow=\u00a0\u00bb0&Prime; woodmart_css_id=\u00a0\u00bb6439456a8b592&Prime; responsive_spacing=\u00a0\u00bbeyJwYXJhbV90eXBlIjoid29vZG1hcnRfcmVzcG9uc2l2ZV9zcGFjaW5nIiwic2VsZWN0b3JfaWQiOiI2NDM5NDU2YThiNTkyIiwic2hvcnRjb2RlIjoidmNfcm93IiwiZGF0YSI6eyJ0YWJsZXQiOnt9LCJtb2JpbGUiOnt9fX0=\u00a0\u00bb woodmart_box_shadow=\u00a0\u00bbno\u00a0\u00bb wd_z_index=\u00a0\u00bbno\u00a0\u00bb][vc_column woodmart_color_scheme=\u00a0\u00bbdark\u00a0\u00bb<\/p>\n","protected":false},"author":90,"featured_media":0,"parent":0,"menu_order":0,"comment_status":"closed","ping_status":"closed","template":"","meta":{"_acf_changed":false,"footnotes":""},"class_list":["post-26730","page","type-page","status-publish","hentry"],"acf":[],"yoast_head":"<!-- This site is optimized with the Yoast SEO plugin v26.4 - https:\/\/yoast.com\/wordpress\/plugins\/seo\/ -->\n<title>Paiement | Spacesaver<\/title>\n<meta name=\"robots\" content=\"index, follow, max-snippet:-1, max-image-preview:large, max-video-preview:-1\" \/>\n<link rel=\"canonical\" href=\"https:\/\/spacesaver.ch\/fr\/paiement\/\" \/>\n<meta property=\"og:locale\" content=\"fr_FR\" \/>\n<meta property=\"og:type\" content=\"article\" \/>\n<meta property=\"og:title\" content=\"Paiement | Spacesaver\" \/>\n<meta property=\"og:description\" content=\"[vc_row css=\u00a0\u00bb.vc_custom_1681474930398{background-position: center !important;background-repeat: no-repeat !important;background-size: contain !important;}\u00a0\u00bb mobile_bg_img_hidden=\u00a0\u00bbno\u00a0\u00bb tablet_bg_img_hidden=\u00a0\u00bbno\u00a0\u00bb woodmart_parallax=\u00a0\u00bb0&Prime; woodmart_gradient_switch=\u00a0\u00bbno\u00a0\u00bb row_reverse_mobile=\u00a0\u00bb0&Prime; row_reverse_tablet=\u00a0\u00bb0&Prime; woodmart_disable_overflow=\u00a0\u00bb0&Prime; woodmart_css_id=\u00a0\u00bb6439456a8b592&Prime; responsive_spacing=\u00a0\u00bbeyJwYXJhbV90eXBlIjoid29vZG1hcnRfcmVzcG9uc2l2ZV9zcGFjaW5nIiwic2VsZWN0b3JfaWQiOiI2NDM5NDU2YThiNTkyIiwic2hvcnRjb2RlIjoidmNfcm93IiwiZGF0YSI6eyJ0YWJsZXQiOnt9LCJtb2JpbGUiOnt9fX0=\u00a0\u00bb woodmart_box_shadow=\u00a0\u00bbno\u00a0\u00bb wd_z_index=\u00a0\u00bbno\u00a0\u00bb][vc_column woodmart_color_scheme=\u00a0\u00bbdark\u00a0\u00bb\" \/>\n<meta property=\"og:url\" content=\"https:\/\/spacesaver.ch\/fr\/paiement\/\" \/>\n<meta property=\"og:site_name\" content=\"Spacesaver\" \/>\n<meta property=\"article:modified_time\" content=\"2023-11-16T14:24:25+00:00\" \/>\n<meta name=\"twitter:card\" content=\"summary_large_image\" \/>\n<meta name=\"twitter:label1\" content=\"Dur\u00e9e de lecture estim\u00e9e\" \/>\n\t<meta name=\"twitter:data1\" content=\"5 minutes\" \/>\n<script type=\"application\/ld+json\" class=\"yoast-schema-graph\">{\"@context\":\"https:\/\/schema.org\",\"@graph\":[{\"@type\":\"WebPage\",\"@id\":\"https:\/\/spacesaver.ch\/fr\/paiement\/\",\"url\":\"https:\/\/spacesaver.ch\/fr\/paiement\/\",\"name\":\"Paiement | Spacesaver\",\"isPartOf\":{\"@id\":\"https:\/\/spacesaver.ch\/fr\/#website\"},\"datePublished\":\"2020-06-26T13:40:17+00:00\",\"dateModified\":\"2023-11-16T14:24:25+00:00\",\"breadcrumb\":{\"@id\":\"https:\/\/spacesaver.ch\/fr\/paiement\/#breadcrumb\"},\"inLanguage\":\"fr-FR\",\"potentialAction\":[{\"@type\":\"ReadAction\",\"target\":[\"https:\/\/spacesaver.ch\/fr\/paiement\/\"]}]},{\"@type\":\"BreadcrumbList\",\"@id\":\"https:\/\/spacesaver.ch\/fr\/paiement\/#breadcrumb\",\"itemListElement\":[{\"@type\":\"ListItem\",\"position\":1,\"name\":\"Home\",\"item\":\"https:\/\/spacesaver.ch\/fr\/\"},{\"@type\":\"ListItem\",\"position\":2,\"name\":\"Paiement\"}]},{\"@type\":\"WebSite\",\"@id\":\"https:\/\/spacesaver.ch\/fr\/#website\",\"url\":\"https:\/\/spacesaver.ch\/fr\/\",\"name\":\"Spacesaver\",\"description\":\"\",\"publisher\":{\"@id\":\"https:\/\/spacesaver.ch\/fr\/#organization\"},\"potentialAction\":[{\"@type\":\"SearchAction\",\"target\":{\"@type\":\"EntryPoint\",\"urlTemplate\":\"https:\/\/spacesaver.ch\/fr\/?s={search_term_string}\"},\"query-input\":{\"@type\":\"PropertyValueSpecification\",\"valueRequired\":true,\"valueName\":\"search_term_string\"}}],\"inLanguage\":\"fr-FR\"},{\"@type\":\"Organization\",\"@id\":\"https:\/\/spacesaver.ch\/fr\/#organization\",\"name\":\"Spacesaver | Schrankbetten\",\"url\":\"https:\/\/spacesaver.ch\/fr\/\",\"logo\":{\"@type\":\"ImageObject\",\"inLanguage\":\"fr-FR\",\"@id\":\"https:\/\/spacesaver.ch\/fr\/#\/schema\/logo\/image\/\",\"url\":\"https:\/\/spacesaver.ch\/wp-content\/uploads\/2020\/03\/cropped-logo_space.png\",\"contentUrl\":\"https:\/\/spacesaver.ch\/wp-content\/uploads\/2020\/03\/cropped-logo_space.png\",\"width\":500,\"height\":281,\"caption\":\"Spacesaver | Schrankbetten\"},\"image\":{\"@id\":\"https:\/\/spacesaver.ch\/fr\/#\/schema\/logo\/image\/\"}}]}<\/script>\n<!-- \/ Yoast SEO plugin. -->","yoast_head_json":{"title":"Paiement | Spacesaver","robots":{"index":"index","follow":"follow","max-snippet":"max-snippet:-1","max-image-preview":"max-image-preview:large","max-video-preview":"max-video-preview:-1"},"canonical":"https:\/\/spacesaver.ch\/fr\/paiement\/","og_locale":"fr_FR","og_type":"article","og_title":"Paiement | Spacesaver","og_description":"[vc_row css=\u00a0\u00bb.vc_custom_1681474930398{background-position: center !important;background-repeat: no-repeat !important;background-size: contain !important;}\u00a0\u00bb mobile_bg_img_hidden=\u00a0\u00bbno\u00a0\u00bb tablet_bg_img_hidden=\u00a0\u00bbno\u00a0\u00bb woodmart_parallax=\u00a0\u00bb0&Prime; woodmart_gradient_switch=\u00a0\u00bbno\u00a0\u00bb row_reverse_mobile=\u00a0\u00bb0&Prime; row_reverse_tablet=\u00a0\u00bb0&Prime; woodmart_disable_overflow=\u00a0\u00bb0&Prime; woodmart_css_id=\u00a0\u00bb6439456a8b592&Prime; responsive_spacing=\u00a0\u00bbeyJwYXJhbV90eXBlIjoid29vZG1hcnRfcmVzcG9uc2l2ZV9zcGFjaW5nIiwic2VsZWN0b3JfaWQiOiI2NDM5NDU2YThiNTkyIiwic2hvcnRjb2RlIjoidmNfcm93IiwiZGF0YSI6eyJ0YWJsZXQiOnt9LCJtb2JpbGUiOnt9fX0=\u00a0\u00bb woodmart_box_shadow=\u00a0\u00bbno\u00a0\u00bb wd_z_index=\u00a0\u00bbno\u00a0\u00bb][vc_column woodmart_color_scheme=\u00a0\u00bbdark\u00a0\u00bb","og_url":"https:\/\/spacesaver.ch\/fr\/paiement\/","og_site_name":"Spacesaver","article_modified_time":"2023-11-16T14:24:25+00:00","twitter_card":"summary_large_image","twitter_misc":{"Dur\u00e9e de lecture estim\u00e9e":"5 minutes"},"schema":{"@context":"https:\/\/schema.org","@graph":[{"@type":"WebPage","@id":"https:\/\/spacesaver.ch\/fr\/paiement\/","url":"https:\/\/spacesaver.ch\/fr\/paiement\/","name":"Paiement | Spacesaver","isPartOf":{"@id":"https:\/\/spacesaver.ch\/fr\/#website"},"datePublished":"2020-06-26T13:40:17+00:00","dateModified":"2023-11-16T14:24:25+00:00","breadcrumb":{"@id":"https:\/\/spacesaver.ch\/fr\/paiement\/#breadcrumb"},"inLanguage":"fr-FR","potentialAction":[{"@type":"ReadAction","target":["https:\/\/spacesaver.ch\/fr\/paiement\/"]}]},{"@type":"BreadcrumbList","@id":"https:\/\/spacesaver.ch\/fr\/paiement\/#breadcrumb","itemListElement":[{"@type":"ListItem","position":1,"name":"Home","item":"https:\/\/spacesaver.ch\/fr\/"},{"@type":"ListItem","position":2,"name":"Paiement"}]},{"@type":"WebSite","@id":"https:\/\/spacesaver.ch\/fr\/#website","url":"https:\/\/spacesaver.ch\/fr\/","name":"Spacesaver","description":"","publisher":{"@id":"https:\/\/spacesaver.ch\/fr\/#organization"},"potentialAction":[{"@type":"SearchAction","target":{"@type":"EntryPoint","urlTemplate":"https:\/\/spacesaver.ch\/fr\/?s={search_term_string}"},"query-input":{"@type":"PropertyValueSpecification","valueRequired":true,"valueName":"search_term_string"}}],"inLanguage":"fr-FR"},{"@type":"Organization","@id":"https:\/\/spacesaver.ch\/fr\/#organization","name":"Spacesaver | Schrankbetten","url":"https:\/\/spacesaver.ch\/fr\/","logo":{"@type":"ImageObject","inLanguage":"fr-FR","@id":"https:\/\/spacesaver.ch\/fr\/#\/schema\/logo\/image\/","url":"https:\/\/spacesaver.ch\/wp-content\/uploads\/2020\/03\/cropped-logo_space.png","contentUrl":"https:\/\/spacesaver.ch\/wp-content\/uploads\/2020\/03\/cropped-logo_space.png","width":500,"height":281,"caption":"Spacesaver | Schrankbetten"},"image":{"@id":"https:\/\/spacesaver.ch\/fr\/#\/schema\/logo\/image\/"}}]}},"jetpack_sharing_enabled":true,"_links":{"self":[{"href":"https:\/\/spacesaver.ch\/fr\/wp-json\/wp\/v2\/pages\/26730","targetHints":{"allow":["GET"]}}],"collection":[{"href":"https:\/\/spacesaver.ch\/fr\/wp-json\/wp\/v2\/pages"}],"about":[{"href":"https:\/\/spacesaver.ch\/fr\/wp-json\/wp\/v2\/types\/page"}],"author":[{"embeddable":true,"href":"https:\/\/spacesaver.ch\/fr\/wp-json\/wp\/v2\/users\/90"}],"replies":[{"embeddable":true,"href":"https:\/\/spacesaver.ch\/fr\/wp-json\/wp\/v2\/comments?post=26730"}],"version-history":[{"count":2,"href":"https:\/\/spacesaver.ch\/fr\/wp-json\/wp\/v2\/pages\/26730\/revisions"}],"predecessor-version":[{"id":26772,"href":"https:\/\/spacesaver.ch\/fr\/wp-json\/wp\/v2\/pages\/26730\/revisions\/26772"}],"wp:attachment":[{"href":"https:\/\/spacesaver.ch\/fr\/wp-json\/wp\/v2\/media?parent=26730"}],"curies":[{"name":"wp","href":"https:\/\/api.w.org\/{rel}","templated":true}]}}