{"id":26708,"date":"2022-02-20T22:20:42","date_gmt":"2022-02-20T21:20:42","guid":{"rendered":"https:\/\/spacesaver.ch\/depeche\/"},"modified":"2023-11-16T15:24:19","modified_gmt":"2023-11-16T14:24:19","slug":"depeche","status":"publish","type":"page","link":"https:\/\/spacesaver.ch\/fr\/depeche\/","title":{"rendered":"D\u00e9p\u00eache"},"content":{"rendered":"<div class=\"wpb-content-wrapper\"><p>[vc_row css=\u00a0\u00bb.vc_custom_1681474977454{background-position: center !important;background-repeat: no-repeat !important;background-size: contain !important;}\u00a0\u00bb mobile_bg_img_hidden=\u00a0\u00bbno\u00a0\u00bb tablet_bg_img_hidden=\u00a0\u00bbno\u00a0\u00bb woodmart_parallax=\u00a0\u00bb0&Prime; woodmart_gradient_switch=\u00a0\u00bbno\u00a0\u00bb row_reverse_mobile=\u00a0\u00bb0&Prime; row_reverse_tablet=\u00a0\u00bb0&Prime; woodmart_disable_overflow=\u00a0\u00bb0&Prime; woodmart_css_id=\u00a0\u00bb6439459aa72ca\u00a0\u00bb responsive_spacing=\u00a0\u00bbeyJwYXJhbV90eXBlIjoid29vZG1hcnRfcmVzcG9uc2l2ZV9zcGFjaW5nIiwic2VsZWN0b3JfaWQiOiI2NDM5NDU5YWE3MmNhIiwic2hvcnRjb2RlIjoidmNfcm93IiwiZGF0YSI6eyJ0YWJsZXQiOnt9LCJtb2JpbGUiOnt9fX0=\u00a0\u00bb woodmart_box_shadow=\u00a0\u00bbno\u00a0\u00bb wd_z_index=\u00a0\u00bbno\u00a0\u00bb][vc_column width=\u00a0\u00bb1\/2&Prime;]\n\t\t<div id=\"wd-6212b2e0e3ed9\" class=\"title-wrapper wd-wpb set-mb-s reset-last-child  wd-rs-6212b2e0e3ed9 wd-title-color-white wd-title-style-default text-left  wd-width-enabled wd-underline-colored\" style=\"--wd-max-width: 90%;\">\n\t\t\t\n\t\t\t<div class=\"liner-continer\">\n\t\t\t\t<h1 class=\"woodmart-title-container title  wd-font-weight-700 wd-fontsize-xxl\" >D\u00e9p\u00eache<\/h1>\n\t\t\t\t\t\t\t<\/div>\n\t\t\t\n\t\t\t\n\t\t\t\n\t\t<\/div>\n\t\t\n\t\t[vc_column_text woodmart_inline=\u00a0\u00bbno\u00a0\u00bb text_larger=\u00a0\u00bbno\u00a0\u00bb]Les produits command\u00e9s seront livr\u00e9s en Suisse.<\/p>\n<p>La livraison co\u00fbte 69 CHF et se fait sur le trottoir. Veuillez noter que le poids total du pack d\u2019un lit est de 150 kg \u00e0 180 kg.<\/p>\n<p>Moyennant un suppl\u00e9ment de 129 CHF, nous nous ferons un plaisir de livrer vos produits dans la pi\u00e8ce souhait\u00e9e.<\/p>\n<p>Si vous choisissez notre <a href=\"https:\/\/spacesaver.ch\/produkt\/professionelle-schrankbett-montage\/\"><br \/>\n  <strong>organisme professionnel<\/strong><br \/>\n<\/a> , les produits seront transport\u00e9s dans le prix de l\u2019assemblage dans une pi\u00e8ce souhait\u00e9e et assembl\u00e9s par des professionnels. Apr\u00e8s le montage, le poste de travail est rang\u00e9 et les mat\u00e9riaux d\u2019emballage sont \u00e9limin\u00e9s.<\/p>\n<p>Le d\u00e9lai de livraison est g\u00e9n\u00e9ralement de 30 jours ouvrables.<\/p>\n<p>Une date appropri\u00e9e de livraison ou d\u2019installation vous sera communiqu\u00e9e par notre \u00e9quipe.[\/vc_column_text][\/vc_column][vc_column width=\u00a0\u00bb1\/2&Prime;][vc_single_image image=\u00a0\u00bb8183&Prime; img_size=\u00a0\u00bbfull\u00a0\u00bb alignment=\u00a0\u00bbcenter\u00a0\u00bb woodmart_inline=\u00a0\u00bbno\u00a0\u00bb parallax_scroll=\u00a0\u00bbno\u00a0\u00bb][\/vc_column][\/vc_row]<\/p>\n<\/div>","protected":false},"excerpt":{"rendered":"<p>[vc_row css=\u00a0\u00bb.vc_custom_1681474977454{background-position: center !important;background-repeat: no-repeat !important;background-size: contain !important;}\u00a0\u00bb mobile_bg_img_hidden=\u00a0\u00bbno\u00a0\u00bb tablet_bg_img_hidden=\u00a0\u00bbno\u00a0\u00bb woodmart_parallax=\u00a0\u00bb0&Prime; woodmart_gradient_switch=\u00a0\u00bbno\u00a0\u00bb row_reverse_mobile=\u00a0\u00bb0&Prime; row_reverse_tablet=\u00a0\u00bb0&Prime; woodmart_disable_overflow=\u00a0\u00bb0&Prime; woodmart_css_id=\u00a0\u00bb6439459aa72ca\u00a0\u00bb responsive_spacing=\u00a0\u00bbeyJwYXJhbV90eXBlIjoid29vZG1hcnRfcmVzcG9uc2l2ZV9zcGFjaW5nIiwic2VsZWN0b3JfaWQiOiI2NDM5NDU5YWE3MmNhIiwic2hvcnRjb2RlIjoidmNfcm93IiwiZGF0YSI6eyJ0YWJsZXQiOnt9LCJtb2JpbGUiOnt9fX0=\u00a0\u00bb woodmart_box_shadow=\u00a0\u00bbno\u00a0\u00bb wd_z_index=\u00a0\u00bbno\u00a0\u00bb][vc_column width=\u00a0\u00bb1\/2&Prime;][vc_column_text<\/p>\n","protected":false},"author":90,"featured_media":0,"parent":0,"menu_order":0,"comment_status":"closed","ping_status":"open","template":"","meta":{"_acf_changed":false,"footnotes":""},"class_list":["post-26708","page","type-page","status-publish","hentry"],"acf":[],"yoast_head":"<!-- This site is optimized with the Yoast SEO plugin v26.4 - https:\/\/yoast.com\/wordpress\/plugins\/seo\/ -->\n<title>D\u00e9p\u00eache | Spacesaver<\/title>\n<meta name=\"robots\" content=\"index, follow, max-snippet:-1, max-image-preview:large, max-video-preview:-1\" \/>\n<link rel=\"canonical\" href=\"https:\/\/spacesaver.ch\/fr\/depeche\/\" \/>\n<meta property=\"og:locale\" content=\"fr_FR\" \/>\n<meta property=\"og:type\" content=\"article\" \/>\n<meta property=\"og:title\" content=\"D\u00e9p\u00eache | Spacesaver\" \/>\n<meta property=\"og:description\" content=\"[vc_row css=\u00a0\u00bb.vc_custom_1681474977454{background-position: center !important;background-repeat: no-repeat !important;background-size: contain !important;}\u00a0\u00bb mobile_bg_img_hidden=\u00a0\u00bbno\u00a0\u00bb tablet_bg_img_hidden=\u00a0\u00bbno\u00a0\u00bb woodmart_parallax=\u00a0\u00bb0&Prime; woodmart_gradient_switch=\u00a0\u00bbno\u00a0\u00bb row_reverse_mobile=\u00a0\u00bb0&Prime; row_reverse_tablet=\u00a0\u00bb0&Prime; woodmart_disable_overflow=\u00a0\u00bb0&Prime; woodmart_css_id=\u00a0\u00bb6439459aa72ca\u00a0\u00bb responsive_spacing=\u00a0\u00bbeyJwYXJhbV90eXBlIjoid29vZG1hcnRfcmVzcG9uc2l2ZV9zcGFjaW5nIiwic2VsZWN0b3JfaWQiOiI2NDM5NDU5YWE3MmNhIiwic2hvcnRjb2RlIjoidmNfcm93IiwiZGF0YSI6eyJ0YWJsZXQiOnt9LCJtb2JpbGUiOnt9fX0=\u00a0\u00bb woodmart_box_shadow=\u00a0\u00bbno\u00a0\u00bb wd_z_index=\u00a0\u00bbno\u00a0\u00bb][vc_column width=\u00a0\u00bb1\/2&Prime;][vc_column_text\" \/>\n<meta property=\"og:url\" content=\"https:\/\/spacesaver.ch\/fr\/depeche\/\" \/>\n<meta property=\"og:site_name\" content=\"Spacesaver\" \/>\n<meta property=\"article:modified_time\" content=\"2023-11-16T14:24:19+00:00\" \/>\n<meta name=\"twitter:card\" content=\"summary_large_image\" \/>\n<meta name=\"twitter:label1\" content=\"Dur\u00e9e de lecture estim\u00e9e\" \/>\n\t<meta name=\"twitter:data1\" content=\"2 minutes\" \/>\n<script type=\"application\/ld+json\" class=\"yoast-schema-graph\">{\"@context\":\"https:\/\/schema.org\",\"@graph\":[{\"@type\":\"WebPage\",\"@id\":\"https:\/\/spacesaver.ch\/fr\/depeche\/\",\"url\":\"https:\/\/spacesaver.ch\/fr\/depeche\/\",\"name\":\"D\u00e9p\u00eache | Spacesaver\",\"isPartOf\":{\"@id\":\"https:\/\/spacesaver.ch\/fr\/#website\"},\"datePublished\":\"2022-02-20T21:20:42+00:00\",\"dateModified\":\"2023-11-16T14:24:19+00:00\",\"breadcrumb\":{\"@id\":\"https:\/\/spacesaver.ch\/fr\/depeche\/#breadcrumb\"},\"inLanguage\":\"fr-FR\",\"potentialAction\":[{\"@type\":\"ReadAction\",\"target\":[\"https:\/\/spacesaver.ch\/fr\/depeche\/\"]}]},{\"@type\":\"BreadcrumbList\",\"@id\":\"https:\/\/spacesaver.ch\/fr\/depeche\/#breadcrumb\",\"itemListElement\":[{\"@type\":\"ListItem\",\"position\":1,\"name\":\"Home\",\"item\":\"https:\/\/spacesaver.ch\/fr\/\"},{\"@type\":\"ListItem\",\"position\":2,\"name\":\"D\u00e9p\u00eache\"}]},{\"@type\":\"WebSite\",\"@id\":\"https:\/\/spacesaver.ch\/fr\/#website\",\"url\":\"https:\/\/spacesaver.ch\/fr\/\",\"name\":\"Spacesaver\",\"description\":\"\",\"publisher\":{\"@id\":\"https:\/\/spacesaver.ch\/fr\/#organization\"},\"potentialAction\":[{\"@type\":\"SearchAction\",\"target\":{\"@type\":\"EntryPoint\",\"urlTemplate\":\"https:\/\/spacesaver.ch\/fr\/?s={search_term_string}\"},\"query-input\":{\"@type\":\"PropertyValueSpecification\",\"valueRequired\":true,\"valueName\":\"search_term_string\"}}],\"inLanguage\":\"fr-FR\"},{\"@type\":\"Organization\",\"@id\":\"https:\/\/spacesaver.ch\/fr\/#organization\",\"name\":\"Spacesaver | Schrankbetten\",\"url\":\"https:\/\/spacesaver.ch\/fr\/\",\"logo\":{\"@type\":\"ImageObject\",\"inLanguage\":\"fr-FR\",\"@id\":\"https:\/\/spacesaver.ch\/fr\/#\/schema\/logo\/image\/\",\"url\":\"https:\/\/spacesaver.ch\/wp-content\/uploads\/2020\/03\/cropped-logo_space.png\",\"contentUrl\":\"https:\/\/spacesaver.ch\/wp-content\/uploads\/2020\/03\/cropped-logo_space.png\",\"width\":500,\"height\":281,\"caption\":\"Spacesaver | Schrankbetten\"},\"image\":{\"@id\":\"https:\/\/spacesaver.ch\/fr\/#\/schema\/logo\/image\/\"}}]}<\/script>\n<!-- \/ Yoast SEO plugin. -->","yoast_head_json":{"title":"D\u00e9p\u00eache | Spacesaver","robots":{"index":"index","follow":"follow","max-snippet":"max-snippet:-1","max-image-preview":"max-image-preview:large","max-video-preview":"max-video-preview:-1"},"canonical":"https:\/\/spacesaver.ch\/fr\/depeche\/","og_locale":"fr_FR","og_type":"article","og_title":"D\u00e9p\u00eache | Spacesaver","og_description":"[vc_row css=\u00a0\u00bb.vc_custom_1681474977454{background-position: center !important;background-repeat: no-repeat !important;background-size: contain !important;}\u00a0\u00bb mobile_bg_img_hidden=\u00a0\u00bbno\u00a0\u00bb tablet_bg_img_hidden=\u00a0\u00bbno\u00a0\u00bb woodmart_parallax=\u00a0\u00bb0&Prime; woodmart_gradient_switch=\u00a0\u00bbno\u00a0\u00bb row_reverse_mobile=\u00a0\u00bb0&Prime; row_reverse_tablet=\u00a0\u00bb0&Prime; woodmart_disable_overflow=\u00a0\u00bb0&Prime; woodmart_css_id=\u00a0\u00bb6439459aa72ca\u00a0\u00bb responsive_spacing=\u00a0\u00bbeyJwYXJhbV90eXBlIjoid29vZG1hcnRfcmVzcG9uc2l2ZV9zcGFjaW5nIiwic2VsZWN0b3JfaWQiOiI2NDM5NDU5YWE3MmNhIiwic2hvcnRjb2RlIjoidmNfcm93IiwiZGF0YSI6eyJ0YWJsZXQiOnt9LCJtb2JpbGUiOnt9fX0=\u00a0\u00bb woodmart_box_shadow=\u00a0\u00bbno\u00a0\u00bb wd_z_index=\u00a0\u00bbno\u00a0\u00bb][vc_column width=\u00a0\u00bb1\/2&Prime;][vc_column_text","og_url":"https:\/\/spacesaver.ch\/fr\/depeche\/","og_site_name":"Spacesaver","article_modified_time":"2023-11-16T14:24:19+00:00","twitter_card":"summary_large_image","twitter_misc":{"Dur\u00e9e de lecture estim\u00e9e":"2 minutes"},"schema":{"@context":"https:\/\/schema.org","@graph":[{"@type":"WebPage","@id":"https:\/\/spacesaver.ch\/fr\/depeche\/","url":"https:\/\/spacesaver.ch\/fr\/depeche\/","name":"D\u00e9p\u00eache | Spacesaver","isPartOf":{"@id":"https:\/\/spacesaver.ch\/fr\/#website"},"datePublished":"2022-02-20T21:20:42+00:00","dateModified":"2023-11-16T14:24:19+00:00","breadcrumb":{"@id":"https:\/\/spacesaver.ch\/fr\/depeche\/#breadcrumb"},"inLanguage":"fr-FR","potentialAction":[{"@type":"ReadAction","target":["https:\/\/spacesaver.ch\/fr\/depeche\/"]}]},{"@type":"BreadcrumbList","@id":"https:\/\/spacesaver.ch\/fr\/depeche\/#breadcrumb","itemListElement":[{"@type":"ListItem","position":1,"name":"Home","item":"https:\/\/spacesaver.ch\/fr\/"},{"@type":"ListItem","position":2,"name":"D\u00e9p\u00eache"}]},{"@type":"WebSite","@id":"https:\/\/spacesaver.ch\/fr\/#website","url":"https:\/\/spacesaver.ch\/fr\/","name":"Spacesaver","description":"","publisher":{"@id":"https:\/\/spacesaver.ch\/fr\/#organization"},"potentialAction":[{"@type":"SearchAction","target":{"@type":"EntryPoint","urlTemplate":"https:\/\/spacesaver.ch\/fr\/?s={search_term_string}"},"query-input":{"@type":"PropertyValueSpecification","valueRequired":true,"valueName":"search_term_string"}}],"inLanguage":"fr-FR"},{"@type":"Organization","@id":"https:\/\/spacesaver.ch\/fr\/#organization","name":"Spacesaver | Schrankbetten","url":"https:\/\/spacesaver.ch\/fr\/","logo":{"@type":"ImageObject","inLanguage":"fr-FR","@id":"https:\/\/spacesaver.ch\/fr\/#\/schema\/logo\/image\/","url":"https:\/\/spacesaver.ch\/wp-content\/uploads\/2020\/03\/cropped-logo_space.png","contentUrl":"https:\/\/spacesaver.ch\/wp-content\/uploads\/2020\/03\/cropped-logo_space.png","width":500,"height":281,"caption":"Spacesaver | Schrankbetten"},"image":{"@id":"https:\/\/spacesaver.ch\/fr\/#\/schema\/logo\/image\/"}}]}},"jetpack_sharing_enabled":true,"_links":{"self":[{"href":"https:\/\/spacesaver.ch\/fr\/wp-json\/wp\/v2\/pages\/26708","targetHints":{"allow":["GET"]}}],"collection":[{"href":"https:\/\/spacesaver.ch\/fr\/wp-json\/wp\/v2\/pages"}],"about":[{"href":"https:\/\/spacesaver.ch\/fr\/wp-json\/wp\/v2\/types\/page"}],"author":[{"embeddable":true,"href":"https:\/\/spacesaver.ch\/fr\/wp-json\/wp\/v2\/users\/90"}],"replies":[{"embeddable":true,"href":"https:\/\/spacesaver.ch\/fr\/wp-json\/wp\/v2\/comments?post=26708"}],"version-history":[{"count":2,"href":"https:\/\/spacesaver.ch\/fr\/wp-json\/wp\/v2\/pages\/26708\/revisions"}],"predecessor-version":[{"id":26713,"href":"https:\/\/spacesaver.ch\/fr\/wp-json\/wp\/v2\/pages\/26708\/revisions\/26713"}],"wp:attachment":[{"href":"https:\/\/spacesaver.ch\/fr\/wp-json\/wp\/v2\/media?parent=26708"}],"curies":[{"name":"wp","href":"https:\/\/api.w.org\/{rel}","templated":true}]}}